{"id":17,"date":"2025-10-29T21:55:27","date_gmt":"2025-10-29T21:55:27","guid":{"rendered":"https:\/\/peptidesourcehub.com\/cart\/"},"modified":"2026-03-01T01:08:17","modified_gmt":"2026-03-01T01:08:17","slug":"cart","status":"publish","type":"page","link":"https:\/\/peptidesourcehub.com\/de\/cart\/","title":{"rendered":"Wagen"},"content":{"rendered":"<div data-block-name=\"woocommerce\/cart\" class=\"wp-block-woocommerce-cart alignwide is-loading\">\n<div data-block-name=\"woocommerce\/filled-cart-block\" class=\"wp-block-woocommerce-filled-cart-block\">\n<div data-block-name=\"woocommerce\/cart-items-block\" class=\"wp-block-woocommerce-cart-items-block\">\n<div data-block-name=\"woocommerce\/cart-line-items-block\" class=\"wp-block-woocommerce-cart-line-items-block\"><\/div>\n\n\n<\/div>\n\n\n\n<div data-block-name=\"woocommerce\/cart-totals-block\" class=\"wp-block-woocommerce-cart-totals-block\">\n<div data-block-name=\"woocommerce\/cart-order-summary-block\" class=\"wp-block-woocommerce-cart-order-summary-block\">\n<div data-block-name=\"woocommerce\/cart-order-summary-heading-block\" data-content=\"\u8d2d\u7269\u8f66\u603b\u8ba1\" class=\"wp-block-woocommerce-cart-order-summary-heading-block\"><\/div>\n\n\n\n<div data-block-name=\"woocommerce\/cart-order-summary-coupon-form-block\" class=\"wp-block-woocommerce-cart-order-summary-coupon-form-block\"><\/div>\n\n\n\n<div data-block-name=\"woocommerce\/cart-order-summary-totals-block\" class=\"wp-block-woocommerce-cart-order-summary-totals-block\">\n<div data-block-name=\"woocommerce\/cart-order-summary-subtotal-block\" class=\"wp-block-woocommerce-cart-order-summary-subtotal-block\"><\/div>\n\n\n\n<div data-block-name=\"woocommerce\/cart-order-summary-fee-block\" class=\"wp-block-woocommerce-cart-order-summary-fee-block\"><\/div>\n\n\n\n<div data-block-name=\"woocommerce\/cart-order-summary-discount-block\" class=\"wp-block-woocommerce-cart-order-summary-discount-block\"><\/div>\n\n\n\n<div data-block-name=\"woocommerce\/cart-order-summary-shipping-block\" class=\"wp-block-woocommerce-cart-order-summary-shipping-block\"><\/div>\n\n\n\n<div data-block-name=\"woocommerce\/cart-order-summary-taxes-block\" class=\"wp-block-woocommerce-cart-order-summary-taxes-block\"><\/div>\n<\/div>\n<\/div>\n\n\n\n<div data-block-name=\"woocommerce\/cart-express-payment-block\" class=\"wp-block-woocommerce-cart-express-payment-block\"><\/div>\n\n\n\n<div data-block-name=\"woocommerce\/proceed-to-checkout-block\" class=\"wp-block-woocommerce-proceed-to-checkout-block\"><\/div>\n\n\n\n<div data-block-name=\"woocommerce\/cart-accepted-payment-methods-block\" class=\"wp-block-woocommerce-cart-accepted-payment-methods-block\"><\/div>\n<\/div>\n<\/div>\n\n\n\n<div data-block-name=\"woocommerce\/empty-cart-block\" class=\"wp-block-woocommerce-empty-cart-block\">\n<h2 class=\"wp-block-heading has-text-align-center with-empty-cart-icon wc-block-cart__empty-cart__title\" id=\"h-your-cart-is-currently-empty\">Ihr Warenkorb ist derzeit leer!<\/h2>\n\n\n\n<hr class=\"wp-block-separator has-alpha-channel-opacity is-style-dots\"\/>\n\n\n\n<h2 class=\"wp-block-heading has-text-align-center\" id=\"h-new-in-store\">Neu im Gesch\u00e4ft<\/h2>\n\n\n<div data-block-name=\"woocommerce\/product-new\" data-columns=\"4\" data-rows=\"1\" class=\"wc-block-grid wp-block-product-new wp-block-woocommerce-product-new wc-block-product-new has-4-columns\"><ul class=\"wc-block-grid__products\"><li class=\"wc-block-grid__product\">\n\t\t\t\t<a href=\"https:\/\/peptidesourcehub.com\/de\/product\/vip\/\" class=\"wc-block-grid__product-link\">\n\t\t\t\t\t\n\t\t\t\t\t<div class=\"wc-block-grid__product-image\"><img fetchpriority=\"high\" decoding=\"async\" width=\"300\" height=\"300\" src=\"https:\/\/peptidesourcehub.com\/wp-content\/uploads\/2026\/02\/vip-10mg-300x300.jpg\" class=\"attachment-woocommerce_thumbnail size-woocommerce_thumbnail\" alt=\"VIP Peptid 10 mg vial, wei\u00df lyophilized powder\" srcset=\"https:\/\/peptidesourcehub.com\/wp-content\/uploads\/2026\/02\/vip-10mg-300x300.jpg 300w, https:\/\/peptidesourcehub.com\/wp-content\/uploads\/2026\/02\/vip-10mg-1024x1024.jpg 1024w, https:\/\/peptidesourcehub.com\/wp-content\/uploads\/2026\/02\/vip-10mg-150x150.jpg 150w, https:\/\/peptidesourcehub.com\/wp-content\/uploads\/2026\/02\/vip-10mg-768x768.jpg 768w, https:\/\/peptidesourcehub.com\/wp-content\/uploads\/2026\/02\/vip-10mg-12x12.jpg 12w, https:\/\/peptidesourcehub.com\/wp-content\/uploads\/2026\/02\/vip-10mg-600x600.jpg 600w, https:\/\/peptidesourcehub.com\/wp-content\/uploads\/2026\/02\/vip-10mg-100x100.jpg 100w, https:\/\/peptidesourcehub.com\/wp-content\/uploads\/2026\/02\/vip-10mg-50x50.jpg 50w, https:\/\/peptidesourcehub.com\/wp-content\/uploads\/2026\/02\/vip-10mg-96x96.jpg 96w, https:\/\/peptidesourcehub.com\/wp-content\/uploads\/2026\/02\/vip-10mg-460x460.jpg 460w, https:\/\/peptidesourcehub.com\/wp-content\/uploads\/2026\/02\/vip-10mg.jpg 1300w\" sizes=\"(max-width: 300px) 100vw, 300px\" \/><\/div>\n\t\t\t\t\t<div class=\"wc-block-grid__product-title\">VIP (Vasoactive Intestinal Peptide)<\/div>\n\t\t\t\t<\/a>\n\t\t\t\t<div class=\"wc-block-grid__product-price price\"><span class=\"woocommerce-Price-amount amount\"><span class=\"woocommerce-Price-currencySymbol\">&#036;<\/span>299.90<span class=\"price-unit\">\/Kit<\/span><\/span><\/div>\n\t\t\t\t\n\t\t\t\t<div class=\"wp-block-button wc-block-grid__product-add-to-cart\"><a href=\"\/de\/wp-json\/wp\/v2\/pages\/17?add-to-cart=7855\" aria-label=\"In den Warenkorb legen: \u201eVIP (Vasoactive Intestinal Peptide)\u201c\" data-quantity=\"1\" data-product_id=\"7855\" data-product_sku=\"VIP10\" data-price=\"299.9\" rel=\"nofollow\" class=\"wp-block-button__link  add_to_cart_button ajax_add_to_cart\">In den Warenkorb<\/a><\/div>\n\t\t\t<\/li><li class=\"wc-block-grid__product\">\n\t\t\t\t<a href=\"https:\/\/peptidesourcehub.com\/de\/product\/triptorelin\/\" class=\"wc-block-grid__product-link\">\n\t\t\t\t\t\n\t\t\t\t\t<div class=\"wc-block-grid__product-image\"><img decoding=\"async\" width=\"300\" height=\"300\" src=\"https:\/\/peptidesourcehub.com\/wp-content\/uploads\/2026\/02\/triptorelin-5mg-300x300.jpg\" class=\"attachment-woocommerce_thumbnail size-woocommerce_thumbnail\" alt=\"Triptorelin Peptid 5 mg vial Produktwiedergabe\" srcset=\"https:\/\/peptidesourcehub.com\/wp-content\/uploads\/2026\/02\/triptorelin-5mg-300x300.jpg 300w, https:\/\/peptidesourcehub.com\/wp-content\/uploads\/2026\/02\/triptorelin-5mg-1024x1024.jpg 1024w, https:\/\/peptidesourcehub.com\/wp-content\/uploads\/2026\/02\/triptorelin-5mg-150x150.jpg 150w, https:\/\/peptidesourcehub.com\/wp-content\/uploads\/2026\/02\/triptorelin-5mg-768x768.jpg 768w, https:\/\/peptidesourcehub.com\/wp-content\/uploads\/2026\/02\/triptorelin-5mg-12x12.jpg 12w, https:\/\/peptidesourcehub.com\/wp-content\/uploads\/2026\/02\/triptorelin-5mg-600x600.jpg 600w, https:\/\/peptidesourcehub.com\/wp-content\/uploads\/2026\/02\/triptorelin-5mg-100x100.jpg 100w, https:\/\/peptidesourcehub.com\/wp-content\/uploads\/2026\/02\/triptorelin-5mg-50x50.jpg 50w, https:\/\/peptidesourcehub.com\/wp-content\/uploads\/2026\/02\/triptorelin-5mg-96x96.jpg 96w, https:\/\/peptidesourcehub.com\/wp-content\/uploads\/2026\/02\/triptorelin-5mg-460x460.jpg 460w, https:\/\/peptidesourcehub.com\/wp-content\/uploads\/2026\/02\/triptorelin-5mg.jpg 1300w\" sizes=\"(max-width: 300px) 100vw, 300px\" \/><\/div>\n\t\t\t\t\t<div class=\"wc-block-grid__product-title\">Triptorelin<\/div>\n\t\t\t\t<\/a>\n\t\t\t\t<div class=\"wc-block-grid__product-price price\"><span class=\"woocommerce-Price-amount amount\" aria-hidden=\"true\"><span class=\"woocommerce-Price-currencySymbol\">&#036;<\/span>59.90<span class=\"price-unit\">\/Kit<\/span><\/span> <span aria-hidden=\"true\"> \u2013 <\/span> <span class=\"woocommerce-Price-amount amount\" aria-hidden=\"true\"><span class=\"woocommerce-Price-currencySymbol\">&#036;<\/span>229.90<span class=\"price-unit\">\/Kit<\/span><\/span><span class=\"screen-reader-text\">Preisspanne: $59.90 bis $229.90<\/span><\/div>\n\t\t\t\t\n\t\t\t\t<div class=\"wp-block-button wc-block-grid__product-add-to-cart\"><a href=\"https:\/\/peptidesourcehub.com\/de\/product\/triptorelin\/\" aria-label=\"W\u00e4hlen Sie die Optionen f\u00fcr \u201eTriptorelin\u201c.\u201c\" data-quantity=\"1\" data-product_id=\"7830\" data-product_sku=\"\" data-price=\"59.9\" rel=\"nofollow\" class=\"wp-block-button__link  add_to_cart_button\">Ausf\u00fchrung w\u00e4hlen<\/a><\/div>\n\t\t\t<\/li><li class=\"wc-block-grid__product\">\n\t\t\t\t<a href=\"https:\/\/peptidesourcehub.com\/de\/product\/tirzepatide\/\" class=\"wc-block-grid__product-link\">\n\t\t\t\t\t\n\t\t\t\t\t<div class=\"wc-block-grid__product-image\"><img decoding=\"async\" width=\"300\" height=\"300\" src=\"https:\/\/peptidesourcehub.com\/wp-content\/uploads\/2026\/02\/tirzepatide-10mg-300x300.jpg\" class=\"attachment-woocommerce_thumbnail size-woocommerce_thumbnail\" alt=\"Tirzepatide Peptid 10 mg Forschung vial\" srcset=\"https:\/\/peptidesourcehub.com\/wp-content\/uploads\/2026\/02\/tirzepatide-10mg-300x300.jpg 300w, https:\/\/peptidesourcehub.com\/wp-content\/uploads\/2026\/02\/tirzepatide-10mg-1024x1024.jpg 1024w, https:\/\/peptidesourcehub.com\/wp-content\/uploads\/2026\/02\/tirzepatide-10mg-150x150.jpg 150w, https:\/\/peptidesourcehub.com\/wp-content\/uploads\/2026\/02\/tirzepatide-10mg-768x768.jpg 768w, https:\/\/peptidesourcehub.com\/wp-content\/uploads\/2026\/02\/tirzepatide-10mg-12x12.jpg 12w, https:\/\/peptidesourcehub.com\/wp-content\/uploads\/2026\/02\/tirzepatide-10mg-600x600.jpg 600w, https:\/\/peptidesourcehub.com\/wp-content\/uploads\/2026\/02\/tirzepatide-10mg-100x100.jpg 100w, https:\/\/peptidesourcehub.com\/wp-content\/uploads\/2026\/02\/tirzepatide-10mg-50x50.jpg 50w, https:\/\/peptidesourcehub.com\/wp-content\/uploads\/2026\/02\/tirzepatide-10mg-96x96.jpg 96w, https:\/\/peptidesourcehub.com\/wp-content\/uploads\/2026\/02\/tirzepatide-10mg-460x460.jpg 460w, https:\/\/peptidesourcehub.com\/wp-content\/uploads\/2026\/02\/tirzepatide-10mg.jpg 1300w\" sizes=\"(max-width: 300px) 100vw, 300px\" \/><\/div>\n\t\t\t\t\t<div class=\"wc-block-grid__product-title\">Tirzepatide<\/div>\n\t\t\t\t<\/a>\n\t\t\t\t<div class=\"wc-block-grid__product-price price\"><span class=\"woocommerce-Price-amount amount\" aria-hidden=\"true\"><span class=\"woocommerce-Price-currencySymbol\">&#036;<\/span>84.90<span class=\"price-unit\">\/Kit<\/span><\/span> <span aria-hidden=\"true\"> \u2013 <\/span> <span class=\"woocommerce-Price-amount amount\" aria-hidden=\"true\"><span class=\"woocommerce-Price-currencySymbol\">&#036;<\/span>429.90<span class=\"price-unit\">\/Kit<\/span><\/span><span class=\"screen-reader-text\">Preisspanne: $84.90 bis $429.90<\/span><\/div>\n\t\t\t\t\n\t\t\t\t<div class=\"wp-block-button wc-block-grid__product-add-to-cart\"><a href=\"https:\/\/peptidesourcehub.com\/de\/product\/tirzepatide\/\" aria-label=\"W\u00e4hlen Sie die Optionen f\u00fcr \u201eTirzepatide\u201c.\u201c\" data-quantity=\"1\" data-product_id=\"7798\" data-product_sku=\"\" data-price=\"84.9\" rel=\"nofollow\" class=\"wp-block-button__link  add_to_cart_button\">Ausf\u00fchrung w\u00e4hlen<\/a><\/div>\n\t\t\t<\/li><li class=\"wc-block-grid__product\">\n\t\t\t\t<a href=\"https:\/\/peptidesourcehub.com\/de\/product\/thymosin-alpha-1\/\" class=\"wc-block-grid__product-link\">\n\t\t\t\t\t\n\t\t\t\t\t<div class=\"wc-block-grid__product-image\"><img loading=\"lazy\" decoding=\"async\" width=\"300\" height=\"300\" src=\"https:\/\/peptidesourcehub.com\/wp-content\/uploads\/2026\/02\/thymosin-alpha-1-5mg-300x300.jpg\" class=\"attachment-woocommerce_thumbnail size-woocommerce_thumbnail\" alt=\"Thymosin Alpha-1 5 mg Peptid vial Frontetikett\" srcset=\"https:\/\/peptidesourcehub.com\/wp-content\/uploads\/2026\/02\/thymosin-alpha-1-5mg-300x300.jpg 300w, https:\/\/peptidesourcehub.com\/wp-content\/uploads\/2026\/02\/thymosin-alpha-1-5mg-1024x1024.jpg 1024w, https:\/\/peptidesourcehub.com\/wp-content\/uploads\/2026\/02\/thymosin-alpha-1-5mg-150x150.jpg 150w, https:\/\/peptidesourcehub.com\/wp-content\/uploads\/2026\/02\/thymosin-alpha-1-5mg-768x768.jpg 768w, https:\/\/peptidesourcehub.com\/wp-content\/uploads\/2026\/02\/thymosin-alpha-1-5mg-12x12.jpg 12w, https:\/\/peptidesourcehub.com\/wp-content\/uploads\/2026\/02\/thymosin-alpha-1-5mg-600x600.jpg 600w, https:\/\/peptidesourcehub.com\/wp-content\/uploads\/2026\/02\/thymosin-alpha-1-5mg-100x100.jpg 100w, https:\/\/peptidesourcehub.com\/wp-content\/uploads\/2026\/02\/thymosin-alpha-1-5mg-50x50.jpg 50w, https:\/\/peptidesourcehub.com\/wp-content\/uploads\/2026\/02\/thymosin-alpha-1-5mg-96x96.jpg 96w, https:\/\/peptidesourcehub.com\/wp-content\/uploads\/2026\/02\/thymosin-alpha-1-5mg-460x460.jpg 460w, https:\/\/peptidesourcehub.com\/wp-content\/uploads\/2026\/02\/thymosin-alpha-1-5mg.jpg 1300w\" sizes=\"(max-width: 300px) 100vw, 300px\" \/><\/div>\n\t\t\t\t\t<div class=\"wc-block-grid__product-title\">Thymosin Alpha-1<\/div>\n\t\t\t\t<\/a>\n\t\t\t\t<div class=\"wc-block-grid__product-price price\"><span class=\"woocommerce-Price-amount amount\" aria-hidden=\"true\"><span class=\"woocommerce-Price-currencySymbol\">&#036;<\/span>164.90<span class=\"price-unit\">\/Kit<\/span><\/span> <span aria-hidden=\"true\"> \u2013 <\/span> <span class=\"woocommerce-Price-amount amount\" aria-hidden=\"true\"><span class=\"woocommerce-Price-currencySymbol\">&#036;<\/span>324.90<span class=\"price-unit\">\/Kit<\/span><\/span><span class=\"screen-reader-text\">Preisspanne: $164.90 bis $324.90<\/span><\/div>\n\t\t\t\t\n\t\t\t\t<div class=\"wp-block-button wc-block-grid__product-add-to-cart\"><a href=\"https:\/\/peptidesourcehub.com\/de\/product\/thymosin-alpha-1\/\" aria-label=\"W\u00e4hlen Sie die Optionen f\u00fcr \u201eThymosin Alpha-1\u201c.\u201c\" data-quantity=\"1\" data-product_id=\"7760\" data-product_sku=\"\" data-price=\"164.9\" rel=\"nofollow\" class=\"wp-block-button__link  add_to_cart_button\">Ausf\u00fchrung w\u00e4hlen<\/a><\/div>\n\t\t\t<\/li><\/ul><\/div><\/div>\n<\/div>","protected":false},"excerpt":{"rendered":"","protected":false},"author":1,"featured_media":0,"parent":0,"menu_order":0,"comment_status":"closed","ping_status":"closed","template":"","meta":{"footnotes":""},"class_list":["post-17","page","type-page","status-publish","hentry"],"yoast_head":"<!-- This site is optimized with the Yoast SEO Premium plugin v27.3 (Yoast SEO v27.3) - https:\/\/yoast.com\/product\/yoast-seo-premium-wordpress\/ -->\n<title>Cart | Peptide Source Hub \u2013 Peptide Wholesale Cart &amp; Saved Kits<\/title>\n<meta name=\"description\" content=\"Review your selected peptide wholesale kits in the Peptide Source Hub cart. Check quantities and details before requesting quotes or confirming bulk peptide orders with our China-based, factory-direct supplier.\" \/>\n<meta name=\"robots\" content=\"noindex, follow\" \/>\n<meta property=\"og:locale\" content=\"de_DE\" \/>\n<meta property=\"og:type\" content=\"article\" \/>\n<meta property=\"og:title\" content=\"Cart\" \/>\n<meta property=\"og:description\" content=\"Review your selected peptide wholesale kits in the Peptide Source Hub cart. Check quantities and details before requesting quotes or confirming bulk peptide orders with our China-based, factory-direct supplier.\" \/>\n<meta property=\"og:url\" content=\"https:\/\/peptidesourcehub.com\/de\/cart\/\" \/>\n<meta property=\"og:site_name\" content=\"PeptideSourceHub \u2013 Wholesale Peptides &amp; HGH\" \/>\n<meta property=\"article:modified_time\" content=\"2026-03-01T01:08:17+00:00\" \/>\n<meta name=\"twitter:card\" content=\"summary_large_image\" \/>\n<meta name=\"twitter:label1\" content=\"Gesch\u00e4tzte Lesezeit\" \/>\n\t<meta name=\"twitter:data1\" content=\"1\u00a0Minute\" \/>\n<script type=\"application\/ld+json\" class=\"yoast-schema-graph\">{\"@context\":\"https:\\\/\\\/schema.org\",\"@graph\":[{\"@type\":\"WebPage\",\"@id\":\"https:\\\/\\\/peptidesourcehub.com\\\/cart\\\/\",\"url\":\"https:\\\/\\\/peptidesourcehub.com\\\/cart\\\/\",\"name\":\"Cart | Peptide Source Hub \u2013 Peptide Wholesale Cart & Saved Kits\",\"isPartOf\":{\"@id\":\"https:\\\/\\\/peptidesourcehub.com\\\/#website\"},\"datePublished\":\"2025-10-29T21:55:27+00:00\",\"dateModified\":\"2026-03-01T01:08:17+00:00\",\"description\":\"Review your selected peptide wholesale kits in the Peptide Source Hub cart. Check quantities and details before requesting quotes or confirming bulk peptide orders with our China-based, factory-direct supplier.\",\"breadcrumb\":{\"@id\":\"https:\\\/\\\/peptidesourcehub.com\\\/cart\\\/#breadcrumb\"},\"inLanguage\":\"de\",\"potentialAction\":[{\"@type\":\"ReadAction\",\"target\":[\"https:\\\/\\\/peptidesourcehub.com\\\/cart\\\/\"]}],\"copyrightNotice\":\"\u00a9 2009\u20132026 PeptideSourceHub.com. All Rights Reserved.\"},{\"@type\":\"BreadcrumbList\",\"@id\":\"https:\\\/\\\/peptidesourcehub.com\\\/cart\\\/#breadcrumb\",\"itemListElement\":[{\"@type\":\"ListItem\",\"position\":1,\"name\":\"Home\",\"item\":\"https:\\\/\\\/peptidesourcehub.com\\\/\"},{\"@type\":\"ListItem\",\"position\":2,\"name\":\"Cart\"}]},{\"@type\":\"WebSite\",\"@id\":\"https:\\\/\\\/peptidesourcehub.com\\\/#website\",\"url\":\"https:\\\/\\\/peptidesourcehub.com\\\/\",\"name\":\"PeptideSourceHub \u2013 Wholesale Peptides & HGH\",\"description\":\"99% purity peptide kits &amp; peptide blends, factory-direct from a China-based lab supplier.\",\"publisher\":{\"@id\":\"https:\\\/\\\/peptidesourcehub.com\\\/#organization\"},\"potentialAction\":[{\"@type\":\"SearchAction\",\"target\":{\"@type\":\"EntryPoint\",\"urlTemplate\":\"https:\\\/\\\/peptidesourcehub.com\\\/?s={search_term_string}\"},\"query-input\":{\"@type\":\"PropertyValueSpecification\",\"valueRequired\":true,\"valueName\":\"search_term_string\"}}],\"inLanguage\":\"de\"},{\"@type\":\"Organization\",\"@id\":\"https:\\\/\\\/peptidesourcehub.com\\\/#organization\",\"name\":\"PeptideSourceHub\",\"url\":\"https:\\\/\\\/peptidesourcehub.com\\\/de\\\/\",\"logo\":{\"@type\":\"ImageObject\",\"url\":\"https:\\\/\\\/peptidesourcehub.com\\\/wp-content\\\/uploads\\\/2025\\\/10\\\/peptidesourcehub-dh-dragon-logo-350x100-1.png\"},\"image\":{\"@id\":\"https:\\\/\\\/peptidesourcehub.com\\\/#\\\/schema\\\/logo\\\/image\\\/\"},\"foundingDate\":\"2009\",\"contactPoint\":[{\"@type\":\"ContactPoint\",\"contactType\":\"customer support\",\"telephone\":\"+852 44900019\",\"email\":\"wholesale@peptidesourcehub.com\",\"availableLanguage\":[\"en\"]}]}]}<\/script>\n<!-- \/ Yoast SEO Premium plugin. -->","yoast_head_json":{"title":"Warenkorb | Peptide Source Hub - Peptide Gro\u00dfhandel Warenkorb &amp; Gespeicherte Kits","description":"\u00dcberpr\u00fcfen Sie Ihre ausgew\u00e4hlten Peptid-Gro\u00dfhandelskits im Peptide Source Hub Warenkorb. \u00dcberpr\u00fcfen Sie die Mengen und Details, bevor Sie ein Angebot anfordern oder eine Peptid-Gro\u00dfbestellung bei unserem Direktlieferanten in China best\u00e4tigen.","robots":{"index":"noindex","follow":"follow"},"og_locale":"de_DE","og_type":"article","og_title":"Cart","og_description":"Review your selected peptide wholesale kits in the Peptide Source Hub cart. Check quantities and details before requesting quotes or confirming bulk peptide orders with our China-based, factory-direct supplier.","og_url":"https:\/\/peptidesourcehub.com\/de\/cart\/","og_site_name":"PeptideSourceHub \u2013 Wholesale Peptides &amp; HGH","article_modified_time":"2026-03-01T01:08:17+00:00","twitter_card":"summary_large_image","twitter_misc":{"Gesch\u00e4tzte Lesezeit":"1\u00a0Minute"},"schema":{"@context":"https:\/\/schema.org","@graph":[{"@type":"WebPage","@id":"https:\/\/peptidesourcehub.com\/cart\/","url":"https:\/\/peptidesourcehub.com\/cart\/","name":"Warenkorb | Peptide Source Hub - Peptide Gro\u00dfhandel Warenkorb &amp; Gespeicherte Kits","isPartOf":{"@id":"https:\/\/peptidesourcehub.com\/#website"},"datePublished":"2025-10-29T21:55:27+00:00","dateModified":"2026-03-01T01:08:17+00:00","description":"\u00dcberpr\u00fcfen Sie Ihre ausgew\u00e4hlten Peptid-Gro\u00dfhandelskits im Peptide Source Hub Warenkorb. \u00dcberpr\u00fcfen Sie die Mengen und Details, bevor Sie ein Angebot anfordern oder eine Peptid-Gro\u00dfbestellung bei unserem Direktlieferanten in China best\u00e4tigen.","breadcrumb":{"@id":"https:\/\/peptidesourcehub.com\/cart\/#breadcrumb"},"inLanguage":"de","potentialAction":[{"@type":"ReadAction","target":["https:\/\/peptidesourcehub.com\/cart\/"]}],"copyrightNotice":"\u00a9 2009\u20132026 PeptideSourceHub.com. All Rights Reserved."},{"@type":"BreadcrumbList","@id":"https:\/\/peptidesourcehub.com\/cart\/#breadcrumb","itemListElement":[{"@type":"ListItem","position":1,"name":"Home","item":"https:\/\/peptidesourcehub.com\/"},{"@type":"ListItem","position":2,"name":"Cart"}]},{"@type":"WebSite","@id":"https:\/\/peptidesourcehub.com\/#website","url":"https:\/\/peptidesourcehub.com\/","name":"PeptideSourceHub - Gro\u00dfhandel Peptides &amp; HGH","description":"99% purity Peptid-Kits &amp; Peptid-Mischungen, direkt ab Werk von einem in China ans\u00e4ssigen Laboranbieter.","publisher":{"@id":"https:\/\/peptidesourcehub.com\/#organization"},"potentialAction":[{"@type":"SearchAction","target":{"@type":"EntryPoint","urlTemplate":"https:\/\/peptidesourcehub.com\/?s={search_term_string}"},"query-input":{"@type":"PropertyValueSpecification","valueRequired":true,"valueName":"search_term_string"}}],"inLanguage":"de"},{"@type":"Organization","@id":"https:\/\/peptidesourcehub.com\/#organization","name":"PeptideSourceHub","url":"https:\/\/peptidesourcehub.com\/de\/","logo":{"@type":"ImageObject","url":"https:\/\/peptidesourcehub.com\/wp-content\/uploads\/2025\/10\/peptidesourcehub-dh-dragon-logo-350x100-1.png"},"image":{"@id":"https:\/\/peptidesourcehub.com\/#\/schema\/logo\/image\/"},"foundingDate":"2009","contactPoint":[{"@type":"ContactPoint","contactType":"customer support","telephone":"+852 44900019","email":"wholesale@peptidesourcehub.com","availableLanguage":["en"]}]}]}},"_links":{"self":[{"href":"https:\/\/peptidesourcehub.com\/de\/wp-json\/wp\/v2\/pages\/17","targetHints":{"allow":["GET"]}}],"collection":[{"href":"https:\/\/peptidesourcehub.com\/de\/wp-json\/wp\/v2\/pages"}],"about":[{"href":"https:\/\/peptidesourcehub.com\/de\/wp-json\/wp\/v2\/types\/page"}],"author":[{"embeddable":true,"href":"https:\/\/peptidesourcehub.com\/de\/wp-json\/wp\/v2\/users\/1"}],"replies":[{"embeddable":true,"href":"https:\/\/peptidesourcehub.com\/de\/wp-json\/wp\/v2\/comments?post=17"}],"version-history":[{"count":1,"href":"https:\/\/peptidesourcehub.com\/de\/wp-json\/wp\/v2\/pages\/17\/revisions"}],"predecessor-version":[{"id":7946,"href":"https:\/\/peptidesourcehub.com\/de\/wp-json\/wp\/v2\/pages\/17\/revisions\/7946"}],"wp:attachment":[{"href":"https:\/\/peptidesourcehub.com\/de\/wp-json\/wp\/v2\/media?parent=17"}],"curies":[{"name":"wp","href":"https:\/\/api.w.org\/{rel}","templated":true}]}}