{"id":19,"date":"2025-10-29T21:55:27","date_gmt":"2025-10-29T21:55:27","guid":{"rendered":"https:\/\/peptidesourcehub.com\/my-account\/"},"modified":"2026-02-26T23:27:56","modified_gmt":"2026-02-26T23:27:56","slug":"my-account","status":"publish","type":"page","link":"https:\/\/peptidesourcehub.com\/de\/my-account\/","title":{"rendered":"Mein Konto"},"content":{"rendered":"<div class=\"woocommerce\"><\/div>","protected":false},"excerpt":{"rendered":"","protected":false},"author":1,"featured_media":0,"parent":0,"menu_order":0,"comment_status":"closed","ping_status":"closed","template":"","meta":{"footnotes":""},"class_list":["post-19","page","type-page","status-publish","hentry"],"yoast_head":"<!-- This site is optimized with the Yoast SEO Premium plugin v27.3 (Yoast SEO v27.3) - https:\/\/yoast.com\/product\/yoast-seo-premium-wordpress\/ -->\n<title>My Account | Peptide Source Hub \u2013 Peptide Wholesale Account Login<\/title>\n<meta name=\"description\" content=\"Log in to your Peptide Source Hub wholesale account to review orders, track shipments and manage peptide project details. New buyers can contact our China-based factory team to set up access.\" \/>\n<meta name=\"robots\" content=\"noindex, follow\" \/>\n<meta property=\"og:locale\" content=\"de_DE\" \/>\n<meta property=\"og:type\" content=\"article\" \/>\n<meta property=\"og:title\" content=\"My account\" \/>\n<meta property=\"og:description\" content=\"Log in to your Peptide Source Hub wholesale account to review orders, track shipments and manage peptide project details. New buyers can contact our China-based factory team to set up access.\" \/>\n<meta property=\"og:url\" content=\"https:\/\/peptidesourcehub.com\/de\/my-account\/\" \/>\n<meta property=\"og:site_name\" content=\"PeptideSourceHub \u2013 Wholesale Peptides &amp; HGH\" \/>\n<meta property=\"article:modified_time\" content=\"2026-02-26T23:27:56+00:00\" \/>\n<meta name=\"twitter:card\" content=\"summary_large_image\" \/>\n<meta name=\"twitter:label1\" content=\"Gesch\u00e4tzte Lesezeit\" \/>\n\t<meta name=\"twitter:data1\" content=\"1\u00a0Minute\" \/>\n<script type=\"application\/ld+json\" class=\"yoast-schema-graph\">{\"@context\":\"https:\\\/\\\/schema.org\",\"@graph\":[{\"@type\":\"WebPage\",\"@id\":\"https:\\\/\\\/peptidesourcehub.com\\\/my-account\\\/\",\"url\":\"https:\\\/\\\/peptidesourcehub.com\\\/my-account\\\/\",\"name\":\"My Account | Peptide Source Hub \u2013 Peptide Wholesale Account Login\",\"isPartOf\":{\"@id\":\"https:\\\/\\\/peptidesourcehub.com\\\/#website\"},\"datePublished\":\"2025-10-29T21:55:27+00:00\",\"dateModified\":\"2026-02-26T23:27:56+00:00\",\"description\":\"Log in to your Peptide Source Hub wholesale account to review orders, track shipments and manage peptide project details. New buyers can contact our China-based factory team to set up access.\",\"breadcrumb\":{\"@id\":\"https:\\\/\\\/peptidesourcehub.com\\\/my-account\\\/#breadcrumb\"},\"inLanguage\":\"de\",\"potentialAction\":[{\"@type\":\"ReadAction\",\"target\":[\"https:\\\/\\\/peptidesourcehub.com\\\/my-account\\\/\"]}],\"copyrightNotice\":\"\u00a9 2009\u20132026 PeptideSourceHub.com. All Rights Reserved.\"},{\"@type\":\"BreadcrumbList\",\"@id\":\"https:\\\/\\\/peptidesourcehub.com\\\/my-account\\\/#breadcrumb\",\"itemListElement\":[{\"@type\":\"ListItem\",\"position\":1,\"name\":\"Home\",\"item\":\"https:\\\/\\\/peptidesourcehub.com\\\/\"},{\"@type\":\"ListItem\",\"position\":2,\"name\":\"My account\"}]},{\"@type\":\"WebSite\",\"@id\":\"https:\\\/\\\/peptidesourcehub.com\\\/#website\",\"url\":\"https:\\\/\\\/peptidesourcehub.com\\\/\",\"name\":\"PeptideSourceHub \u2013 Wholesale Peptides & HGH\",\"description\":\"99% purity peptide kits &amp; peptide blends, factory-direct from a China-based lab supplier.\",\"publisher\":{\"@id\":\"https:\\\/\\\/peptidesourcehub.com\\\/#organization\"},\"potentialAction\":[{\"@type\":\"SearchAction\",\"target\":{\"@type\":\"EntryPoint\",\"urlTemplate\":\"https:\\\/\\\/peptidesourcehub.com\\\/?s={search_term_string}\"},\"query-input\":{\"@type\":\"PropertyValueSpecification\",\"valueRequired\":true,\"valueName\":\"search_term_string\"}}],\"inLanguage\":\"de\"},{\"@type\":\"Organization\",\"@id\":\"https:\\\/\\\/peptidesourcehub.com\\\/#organization\",\"name\":\"PeptideSourceHub\",\"url\":\"https:\\\/\\\/peptidesourcehub.com\\\/de\\\/\",\"logo\":{\"@type\":\"ImageObject\",\"url\":\"https:\\\/\\\/peptidesourcehub.com\\\/wp-content\\\/uploads\\\/2025\\\/10\\\/peptidesourcehub-dh-dragon-logo-350x100-1.png\"},\"image\":{\"@id\":\"https:\\\/\\\/peptidesourcehub.com\\\/#\\\/schema\\\/logo\\\/image\\\/\"},\"foundingDate\":\"2009\",\"contactPoint\":[{\"@type\":\"ContactPoint\",\"contactType\":\"customer support\",\"telephone\":\"+852 44900019\",\"email\":\"wholesale@peptidesourcehub.com\",\"availableLanguage\":[\"en\"]}]}]}<\/script>\n<!-- \/ Yoast SEO Premium plugin. -->","yoast_head_json":{"title":"Mein Konto | Peptide Source Hub - Peptide Gro\u00dfhandelskonto Anmeldung","description":"Loggen Sie sich in Ihr Peptide Source Hub-Gro\u00dfhandelskonto ein, um Bestellungen zu \u00fcberpr\u00fcfen, Sendungen zu verfolgen und Peptid-Projektdetails zu verwalten. Neue K\u00e4ufer k\u00f6nnen unser in China ans\u00e4ssiges Team kontaktieren, um einen Zugang einzurichten.","robots":{"index":"noindex","follow":"follow"},"og_locale":"de_DE","og_type":"article","og_title":"My account","og_description":"Log in to your Peptide Source Hub wholesale account to review orders, track shipments and manage peptide project details. New buyers can contact our China-based factory team to set up access.","og_url":"https:\/\/peptidesourcehub.com\/de\/my-account\/","og_site_name":"PeptideSourceHub \u2013 Wholesale Peptides &amp; HGH","article_modified_time":"2026-02-26T23:27:56+00:00","twitter_card":"summary_large_image","twitter_misc":{"Gesch\u00e4tzte Lesezeit":"1\u00a0Minute"},"schema":{"@context":"https:\/\/schema.org","@graph":[{"@type":"WebPage","@id":"https:\/\/peptidesourcehub.com\/my-account\/","url":"https:\/\/peptidesourcehub.com\/my-account\/","name":"Mein Konto | Peptide Source Hub - Peptide Gro\u00dfhandelskonto Anmeldung","isPartOf":{"@id":"https:\/\/peptidesourcehub.com\/#website"},"datePublished":"2025-10-29T21:55:27+00:00","dateModified":"2026-02-26T23:27:56+00:00","description":"Loggen Sie sich in Ihr Peptide Source Hub-Gro\u00dfhandelskonto ein, um Bestellungen zu \u00fcberpr\u00fcfen, Sendungen zu verfolgen und Peptid-Projektdetails zu verwalten. Neue K\u00e4ufer k\u00f6nnen unser in China ans\u00e4ssiges Team kontaktieren, um einen Zugang einzurichten.","breadcrumb":{"@id":"https:\/\/peptidesourcehub.com\/my-account\/#breadcrumb"},"inLanguage":"de","potentialAction":[{"@type":"ReadAction","target":["https:\/\/peptidesourcehub.com\/my-account\/"]}],"copyrightNotice":"\u00a9 2009\u20132026 PeptideSourceHub.com. All Rights Reserved."},{"@type":"BreadcrumbList","@id":"https:\/\/peptidesourcehub.com\/my-account\/#breadcrumb","itemListElement":[{"@type":"ListItem","position":1,"name":"Home","item":"https:\/\/peptidesourcehub.com\/"},{"@type":"ListItem","position":2,"name":"My account"}]},{"@type":"WebSite","@id":"https:\/\/peptidesourcehub.com\/#website","url":"https:\/\/peptidesourcehub.com\/","name":"PeptideSourceHub - Gro\u00dfhandel Peptides &amp; HGH","description":"99% purity Peptid-Kits &amp; Peptid-Mischungen, direkt ab Werk von einem in China ans\u00e4ssigen Laboranbieter.","publisher":{"@id":"https:\/\/peptidesourcehub.com\/#organization"},"potentialAction":[{"@type":"SearchAction","target":{"@type":"EntryPoint","urlTemplate":"https:\/\/peptidesourcehub.com\/?s={search_term_string}"},"query-input":{"@type":"PropertyValueSpecification","valueRequired":true,"valueName":"search_term_string"}}],"inLanguage":"de"},{"@type":"Organization","@id":"https:\/\/peptidesourcehub.com\/#organization","name":"PeptideSourceHub","url":"https:\/\/peptidesourcehub.com\/de\/","logo":{"@type":"ImageObject","url":"https:\/\/peptidesourcehub.com\/wp-content\/uploads\/2025\/10\/peptidesourcehub-dh-dragon-logo-350x100-1.png"},"image":{"@id":"https:\/\/peptidesourcehub.com\/#\/schema\/logo\/image\/"},"foundingDate":"2009","contactPoint":[{"@type":"ContactPoint","contactType":"customer support","telephone":"+852 44900019","email":"wholesale@peptidesourcehub.com","availableLanguage":["en"]}]}]}},"_links":{"self":[{"href":"https:\/\/peptidesourcehub.com\/de\/wp-json\/wp\/v2\/pages\/19","targetHints":{"allow":["GET"]}}],"collection":[{"href":"https:\/\/peptidesourcehub.com\/de\/wp-json\/wp\/v2\/pages"}],"about":[{"href":"https:\/\/peptidesourcehub.com\/de\/wp-json\/wp\/v2\/types\/page"}],"author":[{"embeddable":true,"href":"https:\/\/peptidesourcehub.com\/de\/wp-json\/wp\/v2\/users\/1"}],"replies":[{"embeddable":true,"href":"https:\/\/peptidesourcehub.com\/de\/wp-json\/wp\/v2\/comments?post=19"}],"version-history":[{"count":1,"href":"https:\/\/peptidesourcehub.com\/de\/wp-json\/wp\/v2\/pages\/19\/revisions"}],"predecessor-version":[{"id":7958,"href":"https:\/\/peptidesourcehub.com\/de\/wp-json\/wp\/v2\/pages\/19\/revisions\/7958"}],"wp:attachment":[{"href":"https:\/\/peptidesourcehub.com\/de\/wp-json\/wp\/v2\/media?parent=19"}],"curies":[{"name":"wp","href":"https:\/\/api.w.org\/{rel}","templated":true}]}}