{"id":6657,"date":"2026-01-29T19:25:07","date_gmt":"2026-01-29T19:25:07","guid":{"rendered":"https:\/\/peptidesourcehub.com\/?post_type=product&#038;p=6657"},"modified":"2026-02-25T19:05:27","modified_gmt":"2026-02-25T19:05:27","slug":"aod-9604","status":"publish","type":"product","link":"https:\/\/peptidesourcehub.com\/de\/product\/aod-9604\/","title":{"rendered":"AOD-9604"},"content":{"rendered":"<h3>\u00dcbersicht<\/h3>\n<p>AOD-9604 ist ein synthetisches Peptidfragment, das von der C-terminalen Region des menschlichen Wachstumshormons abgeleitet ist und in der Forschung \u00fcber den Stoffwechsel des Fettgewebes, die Lipolyse und Modelle zur Steuerung der K\u00f6rperzusammensetzung h\u00e4ufig verwendet wird. In der pr\u00e4klinischen Forschung wird es h\u00e4ufig verwendet, um die Wege der Fettmobilisierung und Konzepte zur Gewichtskontrolle ohne die vollst\u00e4ndige Wachstumshormonsequenz zu untersuchen. Unser AOD-9604 wird in China in pharmazeutischen Anlagen hergestellt und als hochreines lyophilized powder f\u00fcr professionelle Forschungs- und Gro\u00dfhandelskan\u00e4le geliefert.<\/p>\n<h3>Komposition &amp; Format<\/h3>\n<p>AOD-9604 wird als sterile lyophilized powder in Klarglas vials geliefert, das mit Butylstopfen und Flip-off-Kappen versiegelt ist. Mehrere St\u00e4rken sind als separate Varianten erh\u00e4ltlich: <strong>2 mg pro vial<\/strong>, <strong>5 mg pro vial<\/strong> und <strong>10 mg pro vial<\/strong>. Die Fl\u00e4schchen sind zu Multi-vial-Forschungskits zusammengestellt, die unmittelbar vor der Verwendung gem\u00e4\u00df den internen SOPs mit einem geeigneten sterilen Verd\u00fcnnungsmittel rekonstituiert werden k\u00f6nnen.<\/p>\n<h3>Hauptmerkmale f\u00fcr Gro\u00dfhandelsk\u00e4ufer<\/h3>\n<ul>\n<li>Die in China ans\u00e4ssige Fabrik liefert AOD-9604 und konzentriert sich auf eine konsistente, hochreine Peptidproduktion.<\/li>\n<li>Eine Reihe von vial-St\u00e4rken (2 mg, 5 mg, 10 mg) zur Unterst\u00fctzung verschiedener Dosierungsmodelle und Protokolldesigns<\/li>\n<li>Stabiles lyophilized-Format, geeignet f\u00fcr gek\u00fchlte Lagerung und internationalen Versand<\/li>\n<li>Charge COA und analytische Testdaten f\u00fcr den Gro\u00dfhandel und OEM\/White-Label-Projekte verf\u00fcgbar<\/li>\n<\/ul>\n<h3>Verpackung &amp; Bestellung<\/h3>\n<ul>\n<li>Fl\u00e4schchen verpackt in sch\u00fctzenden Kunststoffschalen mit exportf\u00e4higen Kartons f\u00fcr die globale Logistik<\/li>\n<li>Neutrale oder OEM\/individuelle Etiketten k\u00f6nnen f\u00fcr qualifizierte Gro\u00dfhandelskunden arrangiert werden.<\/li>\n<li>F\u00fcr detaillierte Preise, Chargenverf\u00fcgbarkeit und Vertrags-\/OEM-Optionen kontaktieren Sie bitte unser Team unter Angabe der gew\u00fcnschten St\u00e4rke, Menge und des Zielortes.<\/li>\n<li>Updates zu Bearbeitung und Versand werden normalerweise innerhalb von drei Werktagen nach Zahlungseingang bereitgestellt.<\/li>\n<\/ul>\n<h3>Lagerung &amp; Handhabung<\/h3>\n<ul>\n<li>Lagern Sie AOD-9604 vials bei 2-8 \u00b0C in einer trockenen Umgebung, fern von direktem Licht<\/li>\n<li>Lassen Sie vials vor dem \u00d6ffnen auf Raumtemperatur kommen, um das Kondensationsrisiko zu verringern.<\/li>\n<li>Verwenden Sie rekonstituierte L\u00f6sungen umgehend und befolgen Sie die Sicherheits- und Entsorgungsvorschriften Ihres Labors.<\/li>\n<\/ul>\n<h3>Verwandte Produkte<\/h3>\n<ul>\n<li><a href=\"\/de\/product\/semaglutide\/\">Semaglutide - GLP-1 Peptid-Kit<\/a><\/li>\n<li><a href=\"\/de\/product\/tirzepatide\/\">Tirzepatide - GLP-1 Peptid-Kit<\/a><\/li>\n<li><a href=\"\/de\/product\/retatrutide\/\">Retatrutide - GLP-1 Analog-Bausatz<\/a><\/li>\n<li><a href=\"\/de\/product\/survodutide\/\">Survodutide - GLP-1\/GIP Dual-Agonist-Kit<\/a><\/li>\n<li><a href=\"\/de\/product\/adipotide\/\">Adipotide - Peptid-Kit zur Gewichtskontrolle<\/a><\/li>\n<li><a href=\"\/de\/product\/cagrilintide-5mg-semaglutide-5mg\/\">Cagrilintide 5 mg + Semaglutide 5 mg - Kombi-Peptid-Kit GLP-1<\/a><\/li>\n<li><a href=\"\/de\/product-category\/weight-loss-glp1-peptides\/\">Alle Weight Loss &amp; GLP-1 Peptides durchsuchen<\/a><\/li>\n<\/ul>\n<p><strong>DIESES PRODUKT IST NUR F\u00dcR DEN GEBRAUCH IN DER LABORFORSCHUNG BESTIMMT.<\/strong><br \/>\n<strong>NICHT F\u00dcR DEN MENSCHLICHEN GEBRAUCH, ARZNEIMITTEL, HAUSHALT ODER KOSMETISCHE ANWENDUNGEN.<\/strong><\/p>","protected":false},"excerpt":{"rendered":"<p><strong>Name:<\/strong> AOD-9604 (AOD 9604) Peptidpulver<br \/>\n<strong>Funktion:<\/strong> Stoffwechselforschung; Diskussionen \u00fcber Fettabbauwege; Referenzen zu Peptidstudien<br \/>\n<strong>Spezifikation:<\/strong> Mehrere St\u00e4rken verf\u00fcgbar; 10 vials\/Kit (MOQ: 1 Kit)<br \/>\n<strong>CAS:<\/strong> 221231-10-3<br \/>\n<strong>Erscheinungsbild:<\/strong> White lyophilized powder<\/p>","protected":false},"featured_media":6642,"comment_status":"closed","ping_status":"closed","template":"","meta":[],"product_cat":[63],"product_tag":[135,72,134],"class_list":{"0":"post-6657","1":"product","2":"type-product","3":"status-publish","4":"has-post-thumbnail","6":"product_brand-peptide-source-hub","7":"product_cat-weight-loss-glp1-peptides","8":"product_tag-anti-aging-longevity-peptides","9":"product_tag-aod-9604","10":"product_tag-weight-loss-metabolism-peptides","12":"first","13":"instock","14":"featured","15":"shipping-taxable","16":"purchasable","17":"product-type-variable","18":"has-default-attributes"},"yoast_head":"<!-- This site is optimized with the Yoast SEO Premium plugin v27.3 (Yoast SEO v27.3) - https:\/\/yoast.com\/product\/yoast-seo-premium-wordpress\/ -->\n<title>AOD-9604 Peptide Factory Supplier | Wholesale Bulk \u2014 Peptide Source Hub<\/title>\n<meta name=\"description\" content=\"Wholesale AOD-9604 peptide from a factory supplier in China. Bulk quote support, export-ready packing, tracking within 3 business days. Request pricing today.\" \/>\n<meta name=\"robots\" content=\"index, follow, max-snippet:-1, max-image-preview:large, max-video-preview:-1\" \/>\n<link rel=\"canonical\" href=\"https:\/\/peptidesourcehub.com\/de\/product\/aod-9604\/\" \/>\n<meta property=\"og:locale\" content=\"de_DE\" \/>\n<meta property=\"og:type\" content=\"article\" \/>\n<meta property=\"og:title\" content=\"AOD-9604\" \/>\n<meta property=\"og:description\" content=\"Wholesale AOD-9604 peptide from a factory supplier in China. Bulk quote support, export-ready packing, tracking within 3 business days. Request pricing today.\" \/>\n<meta property=\"og:url\" content=\"https:\/\/peptidesourcehub.com\/de\/product\/aod-9604\/\" \/>\n<meta property=\"og:site_name\" content=\"PeptideSourceHub \u2013 Wholesale Peptides &amp; HGH\" \/>\n<meta property=\"article:modified_time\" content=\"2026-02-25T19:05:27+00:00\" \/>\n<meta property=\"og:image\" content=\"https:\/\/peptidesourcehub.com\/wp-content\/uploads\/2026\/01\/aod-9604-peptide-5mg-vial-label-2.jpg\" \/>\n\t<meta property=\"og:image:width\" content=\"1300\" \/>\n\t<meta property=\"og:image:height\" content=\"1300\" \/>\n\t<meta property=\"og:image:type\" content=\"image\/jpeg\" \/>\n<meta name=\"twitter:card\" content=\"summary_large_image\" \/>\n<meta name=\"twitter:label1\" content=\"Gesch\u00e4tzte Lesezeit\" \/>\n\t<meta name=\"twitter:data1\" content=\"2\u00a0Minuten\" \/>\n<script type=\"application\/ld+json\" class=\"yoast-schema-graph\">{\"@context\":\"https:\\\/\\\/schema.org\",\"@graph\":[{\"@type\":\"WebPage\",\"@id\":\"https:\\\/\\\/peptidesourcehub.com\\\/product\\\/aod-9604\\\/\",\"url\":\"https:\\\/\\\/peptidesourcehub.com\\\/product\\\/aod-9604\\\/\",\"name\":\"AOD-9604 Peptide Factory Supplier | Wholesale Bulk \u2014 Peptide Source Hub\",\"isPartOf\":{\"@id\":\"https:\\\/\\\/peptidesourcehub.com\\\/#website\"},\"primaryImageOfPage\":{\"@id\":\"https:\\\/\\\/peptidesourcehub.com\\\/product\\\/aod-9604\\\/#primaryimage\"},\"image\":{\"@id\":\"https:\\\/\\\/peptidesourcehub.com\\\/product\\\/aod-9604\\\/#primaryimage\"},\"thumbnailUrl\":\"https:\\\/\\\/peptidesourcehub.com\\\/wp-content\\\/uploads\\\/2026\\\/01\\\/aod-9604-peptide-5mg-vial-label-2.jpg\",\"datePublished\":\"2026-01-29T19:25:07+00:00\",\"dateModified\":\"2026-02-25T19:05:27+00:00\",\"description\":\"Wholesale AOD-9604 peptide from a factory supplier in China. Bulk quote support, export-ready packing, tracking within 3 business days. Request pricing today.\",\"breadcrumb\":{\"@id\":\"https:\\\/\\\/peptidesourcehub.com\\\/product\\\/aod-9604\\\/#breadcrumb\"},\"inLanguage\":\"de\",\"potentialAction\":[{\"@type\":\"ReadAction\",\"target\":[\"https:\\\/\\\/peptidesourcehub.com\\\/product\\\/aod-9604\\\/\"]}],\"copyrightNotice\":\"\u00a9 2009\u20132026 PeptideSourceHub.com. All Rights Reserved.\"},{\"@type\":\"ImageObject\",\"inLanguage\":\"de\",\"@id\":\"https:\\\/\\\/peptidesourcehub.com\\\/product\\\/aod-9604\\\/#primaryimage\",\"url\":\"https:\\\/\\\/peptidesourcehub.com\\\/wp-content\\\/uploads\\\/2026\\\/01\\\/aod-9604-peptide-5mg-vial-label-2.jpg\",\"contentUrl\":\"https:\\\/\\\/peptidesourcehub.com\\\/wp-content\\\/uploads\\\/2026\\\/01\\\/aod-9604-peptide-5mg-vial-label-2.jpg\",\"width\":1300,\"height\":1300,\"caption\":\"AOD-9604 5 mg vial, wholesale ready\"},{\"@type\":\"BreadcrumbList\",\"@id\":\"https:\\\/\\\/peptidesourcehub.com\\\/product\\\/aod-9604\\\/#breadcrumb\",\"itemListElement\":[{\"@type\":\"ListItem\",\"position\":1,\"name\":\"Home\",\"item\":\"https:\\\/\\\/peptidesourcehub.com\\\/\"},{\"@type\":\"ListItem\",\"position\":2,\"name\":\"Shop\",\"item\":\"https:\\\/\\\/peptidesourcehub.com\\\/shop\\\/\"},{\"@type\":\"ListItem\",\"position\":3,\"name\":\"AOD-9604\"}]},{\"@type\":\"WebSite\",\"@id\":\"https:\\\/\\\/peptidesourcehub.com\\\/#website\",\"url\":\"https:\\\/\\\/peptidesourcehub.com\\\/\",\"name\":\"PeptideSourceHub \u2013 Wholesale Peptides & HGH\",\"description\":\"99% purity peptide kits &amp; peptide blends, factory-direct from a China-based lab supplier.\",\"publisher\":{\"@id\":\"https:\\\/\\\/peptidesourcehub.com\\\/#organization\"},\"potentialAction\":[{\"@type\":\"SearchAction\",\"target\":{\"@type\":\"EntryPoint\",\"urlTemplate\":\"https:\\\/\\\/peptidesourcehub.com\\\/?s={search_term_string}\"},\"query-input\":{\"@type\":\"PropertyValueSpecification\",\"valueRequired\":true,\"valueName\":\"search_term_string\"}}],\"inLanguage\":\"de\"},{\"@type\":\"Organization\",\"@id\":\"https:\\\/\\\/peptidesourcehub.com\\\/#organization\",\"name\":\"PeptideSourceHub\",\"url\":\"https:\\\/\\\/peptidesourcehub.com\\\/de\\\/\",\"logo\":{\"@type\":\"ImageObject\",\"url\":\"https:\\\/\\\/peptidesourcehub.com\\\/wp-content\\\/uploads\\\/2025\\\/10\\\/peptidesourcehub-dh-dragon-logo-350x100-1.png\"},\"image\":{\"@id\":\"https:\\\/\\\/peptidesourcehub.com\\\/#\\\/schema\\\/logo\\\/image\\\/\"},\"foundingDate\":\"2009\",\"contactPoint\":[{\"@type\":\"ContactPoint\",\"contactType\":\"customer support\",\"telephone\":\"+852 44900019\",\"email\":\"wholesale@peptidesourcehub.com\",\"availableLanguage\":[\"en\"]}]}]}<\/script>\n<!-- \/ Yoast SEO Premium plugin. -->","yoast_head_json":{"title":"AOD-9604 Peptide Fabrik Lieferant | Gro\u00dfhandel Bulk - Peptide Source Hub","description":"Gro\u00dfhandel AOD-9604 Peptid von einem Fabriklieferanten in China. Unterst\u00fctzung bei Massenangeboten, exportfertige Verpackung, Sendungsverfolgung innerhalb von 3 Werktagen. Fordern Sie noch heute Preise an.","robots":{"index":"index","follow":"follow","max-snippet":"max-snippet:-1","max-image-preview":"max-image-preview:large","max-video-preview":"max-video-preview:-1"},"canonical":"https:\/\/peptidesourcehub.com\/de\/product\/aod-9604\/","og_locale":"de_DE","og_type":"article","og_title":"AOD-9604","og_description":"Wholesale AOD-9604 peptide from a factory supplier in China. Bulk quote support, export-ready packing, tracking within 3 business days. Request pricing today.","og_url":"https:\/\/peptidesourcehub.com\/de\/product\/aod-9604\/","og_site_name":"PeptideSourceHub \u2013 Wholesale Peptides &amp; HGH","article_modified_time":"2026-02-25T19:05:27+00:00","og_image":[{"width":1300,"height":1300,"url":"https:\/\/peptidesourcehub.com\/wp-content\/uploads\/2026\/01\/aod-9604-peptide-5mg-vial-label-2.jpg","type":"image\/jpeg"}],"twitter_card":"summary_large_image","twitter_misc":{"Gesch\u00e4tzte Lesezeit":"2\u00a0Minuten"},"schema":{"@context":"https:\/\/schema.org","@graph":[{"@type":"WebPage","@id":"https:\/\/peptidesourcehub.com\/product\/aod-9604\/","url":"https:\/\/peptidesourcehub.com\/product\/aod-9604\/","name":"AOD-9604 Peptide Fabrik Lieferant | Gro\u00dfhandel Bulk - Peptide Source Hub","isPartOf":{"@id":"https:\/\/peptidesourcehub.com\/#website"},"primaryImageOfPage":{"@id":"https:\/\/peptidesourcehub.com\/product\/aod-9604\/#primaryimage"},"image":{"@id":"https:\/\/peptidesourcehub.com\/product\/aod-9604\/#primaryimage"},"thumbnailUrl":"https:\/\/peptidesourcehub.com\/wp-content\/uploads\/2026\/01\/aod-9604-peptide-5mg-vial-label-2.jpg","datePublished":"2026-01-29T19:25:07+00:00","dateModified":"2026-02-25T19:05:27+00:00","description":"Gro\u00dfhandel AOD-9604 Peptid von einem Fabriklieferanten in China. Unterst\u00fctzung bei Massenangeboten, exportfertige Verpackung, Sendungsverfolgung innerhalb von 3 Werktagen. Fordern Sie noch heute Preise an.","breadcrumb":{"@id":"https:\/\/peptidesourcehub.com\/product\/aod-9604\/#breadcrumb"},"inLanguage":"de","potentialAction":[{"@type":"ReadAction","target":["https:\/\/peptidesourcehub.com\/product\/aod-9604\/"]}],"copyrightNotice":"\u00a9 2009\u20132026 PeptideSourceHub.com. All Rights Reserved."},{"@type":"ImageObject","inLanguage":"de","@id":"https:\/\/peptidesourcehub.com\/product\/aod-9604\/#primaryimage","url":"https:\/\/peptidesourcehub.com\/wp-content\/uploads\/2026\/01\/aod-9604-peptide-5mg-vial-label-2.jpg","contentUrl":"https:\/\/peptidesourcehub.com\/wp-content\/uploads\/2026\/01\/aod-9604-peptide-5mg-vial-label-2.jpg","width":1300,"height":1300,"caption":"AOD-9604 5 mg vial, wholesale ready"},{"@type":"BreadcrumbList","@id":"https:\/\/peptidesourcehub.com\/product\/aod-9604\/#breadcrumb","itemListElement":[{"@type":"ListItem","position":1,"name":"Home","item":"https:\/\/peptidesourcehub.com\/"},{"@type":"ListItem","position":2,"name":"Shop","item":"https:\/\/peptidesourcehub.com\/shop\/"},{"@type":"ListItem","position":3,"name":"AOD-9604"}]},{"@type":"WebSite","@id":"https:\/\/peptidesourcehub.com\/#website","url":"https:\/\/peptidesourcehub.com\/","name":"PeptideSourceHub - Gro\u00dfhandel Peptides &amp; HGH","description":"99% purity Peptid-Kits &amp; Peptid-Mischungen, direkt ab Werk von einem in China ans\u00e4ssigen Laboranbieter.","publisher":{"@id":"https:\/\/peptidesourcehub.com\/#organization"},"potentialAction":[{"@type":"SearchAction","target":{"@type":"EntryPoint","urlTemplate":"https:\/\/peptidesourcehub.com\/?s={search_term_string}"},"query-input":{"@type":"PropertyValueSpecification","valueRequired":true,"valueName":"search_term_string"}}],"inLanguage":"de"},{"@type":"Organization","@id":"https:\/\/peptidesourcehub.com\/#organization","name":"PeptideSourceHub","url":"https:\/\/peptidesourcehub.com\/de\/","logo":{"@type":"ImageObject","url":"https:\/\/peptidesourcehub.com\/wp-content\/uploads\/2025\/10\/peptidesourcehub-dh-dragon-logo-350x100-1.png"},"image":{"@id":"https:\/\/peptidesourcehub.com\/#\/schema\/logo\/image\/"},"foundingDate":"2009","contactPoint":[{"@type":"ContactPoint","contactType":"customer support","telephone":"+852 44900019","email":"wholesale@peptidesourcehub.com","availableLanguage":["en"]}]}]}},"_links":{"self":[{"href":"https:\/\/peptidesourcehub.com\/de\/wp-json\/wp\/v2\/product\/6657","targetHints":{"allow":["GET"]}}],"collection":[{"href":"https:\/\/peptidesourcehub.com\/de\/wp-json\/wp\/v2\/product"}],"about":[{"href":"https:\/\/peptidesourcehub.com\/de\/wp-json\/wp\/v2\/types\/product"}],"replies":[{"embeddable":true,"href":"https:\/\/peptidesourcehub.com\/de\/wp-json\/wp\/v2\/comments?post=6657"}],"wp:featuredmedia":[{"embeddable":true,"href":"https:\/\/peptidesourcehub.com\/de\/wp-json\/wp\/v2\/media\/6642"}],"wp:attachment":[{"href":"https:\/\/peptidesourcehub.com\/de\/wp-json\/wp\/v2\/media?parent=6657"}],"wp:term":[{"taxonomy":"product_cat","embeddable":true,"href":"https:\/\/peptidesourcehub.com\/de\/wp-json\/wp\/v2\/product_cat?post=6657"},{"taxonomy":"product_tag","embeddable":true,"href":"https:\/\/peptidesourcehub.com\/de\/wp-json\/wp\/v2\/product_tag?post=6657"}],"curies":[{"name":"wp","href":"https:\/\/api.w.org\/{rel}","templated":true}]}}