{"id":7082,"date":"2026-02-10T19:30:53","date_gmt":"2026-02-10T19:30:53","guid":{"rendered":"https:\/\/peptidesourcehub.com\/?post_type=product&#038;p=7082"},"modified":"2026-02-24T21:12:15","modified_gmt":"2026-02-24T21:12:15","slug":"hexarelin","status":"publish","type":"product","link":"https:\/\/peptidesourcehub.com\/de\/product\/hexarelin\/","title":{"rendered":"Hexarelin"},"content":{"rendered":"<h3>\u00dcbersicht<\/h3>\n<p>Hexarelin (auch bekannt als Examorelin) ist ein synthetisches Wachstumshormon-Sekretagogum-Peptid aus der GHRP-Familie. Es wird in der Forschung zur Freisetzung von Wachstumshormonen in der Hypophyse, zur Regulierung des Stoffwechsels und f\u00fcr Erholungsmodelle verwendet. Unser Hexarelin wird in China in auf Peptide spezialisierten Anlagen hergestellt und als hochreines lyophilized powder geliefert, das f\u00fcr OEM- und Gro\u00dfhandelskunden geeignet ist.<\/p>\n<h3>Komposition &amp; Format<\/h3>\n<ul>\n<li>Aktiver Bestandteil: Hexarelin Acetatpeptid (CAS 140703-51-1)<\/li>\n<li>St\u00e4rke: <strong>5 mg Hexarelin<\/strong> pro vial<\/li>\n<li>Format: Steril lyophilized powder in Klarglas vials mit blauen Flip-off-Kappen<\/li>\n<li>Standard-Packungsgr\u00f6\u00dfe: <strong>10 vials\/Satz<\/strong> (5 mg \u00d7 10 vials)<\/li>\n<li>Hergestellt und abgef\u00fcllt in China f\u00fcr globale Peptidh\u00e4ndler und Labore<\/li>\n<\/ul>\n<h3>Hauptmerkmale f\u00fcr Gro\u00dfhandelsk\u00e4ufer<\/h3>\n<ul>\n<li><strong>Hohe Reinheit (\u226599%)<\/strong> Hexarelin Peptid geeignet f\u00fcr anspruchsvolle Forschungsprotokolle<\/li>\n<li>Konsistente Qualit\u00e4t von Charge zu Charge mit vollst\u00e4ndiger analytischer Dokumentation auf Anfrage erh\u00e4ltlich<\/li>\n<li>Fabrikproduktion in China mit stabiler Kapazit\u00e4t f\u00fcr laufende OEM- und Gro\u00dfauftr\u00e4ge<\/li>\n<li>Sauberer wei\u00dfer lyophilized-Kuchen f\u00fcr bequeme Lagerung, Handhabung und Rekonstitution<\/li>\n<li>Flexible Etikettierung und neutrale Verpackungsoptionen zur Unterst\u00fctzung Ihrer eigenen Marke, falls erforderlich<\/li>\n<\/ul>\n<h3>Verpackung &amp; Bestellung<\/h3>\n<ul>\n<li>Jedes Kit ist in sch\u00fctzenden Plastikschalen oder -boxen verpackt, um die <strong>10 vials<\/strong> sicher im Transport<\/li>\n<li>Kits werden zus\u00e4tzlich mit Polstermaterial umwickelt und in stabilen Exportkartons verschickt.<\/li>\n<li>Ideal f\u00fcr Peptid-Wiederverk\u00e4ufer, Forschungslieferanten und regionale H\u00e4ndler, die China-Peptide direkt ab Werk kaufen m\u00f6chten<\/li>\n<li>F\u00fcr aktuelle Hexarelin-Peptid-Gro\u00dfhandelspreise und OEM-Optionen kontaktieren Sie bitte unser Vertriebsteam unter Angabe der gew\u00fcnschten Mengen.<\/li>\n<li>Aktualisierungen zur Auftragsabwicklung und zum Versand werden normalerweise innerhalb von <strong>3 Arbeitstage<\/strong> nach Zahlungsbest\u00e4tigung<\/li>\n<\/ul>\n<h3>Lagerung &amp; Handhabung<\/h3>\n<ul>\n<li>Empfohlene Lagerung: <strong>2-8 \u00b0C<\/strong> an einem trockenen, dunklen Ort, wobei vials fest verschlossen sein sollte<\/li>\n<li>F\u00fcr eine l\u00e4ngerfristige Lagerung k\u00f6nnen gem\u00e4\u00df Ihren internen SOPs niedrigere Temperaturen verwendet werden.<\/li>\n<li>Nach der Rekonstitution sollten die Hexarelin-L\u00f6sungen unter angemessenen Laborbedingungen gehandhabt und umgehend verwendet werden.<\/li>\n<\/ul>\n<h3>Verwandte Produkte<\/h3>\n<ul>\n<li><a href=\"\/de\/product\/ghrp-2\/\">GHRP-2 - Wachstumshormon-Releasing-Peptid-Kit<\/a><\/li>\n<li><a href=\"\/de\/product\/ghrp-6\/\">GHRP-6 - klassisches Peptid-Kit der GHRP-Familie<\/a><\/li>\n<li><a href=\"\/de\/product\/ipamorelin\/\">Ipamorelin - Selektives Wachstumshormon-Sekretagogum Peptid-Kit<\/a><\/li>\n<li><a href=\"\/de\/product-category\/muscle-growth-peptide-kits\/\">Alle Muscle Growth Peptide Kits durchsuchen<\/a><\/li>\n<\/ul>\n<p><strong>DIESES PRODUKT IST NUR ALS FORSCHUNGSCHEMIKALIE GEDACHT.<\/strong><br \/>\n<strong>ALLE PRODUKTE SIND NICHT F\u00dcR DEN MENSCHLICHEN ODER TIER\u00c4RZTLICHEN GEBRAUCH GEKENNZEICHNET.<\/strong><\/p>","protected":false},"excerpt":{"rendered":"<p><strong>Name:<\/strong> Hexarelin Peptid 5 mg\/vial<br \/>\n<strong>Funktion:<\/strong> Wachstumshormon-Sekretagogum; Unterst\u00fctzung der Muskelleistung und Erholung<br \/>\n<strong>Spezifikation:<\/strong> 5 mg pro vial; 10 vials\/Kit (5 mg \u00d7 10)<br \/>\n<strong>CAS:<\/strong> 140703-51-1<br \/>\n<strong>Erscheinungsbild:<\/strong> White lyophilized powder<\/p>","protected":false},"featured_media":7068,"comment_status":"closed","ping_status":"closed","template":"","meta":[],"product_cat":[64,62],"product_tag":[91,92,132,97,101,133],"class_list":{"0":"post-7082","1":"product","2":"type-product","3":"status-publish","4":"has-post-thumbnail","6":"product_brand-peptide-source-hub","7":"product_cat-healing-recovery-peptides-wholesale","8":"product_cat-muscle-growth-peptide-kits","9":"product_tag-ghrp-2","10":"product_tag-ghrp-6","11":"product_tag-healing-tissue-repair-peptides","12":"product_tag-hexarelin","13":"product_tag-ipamorelin","14":"product_tag-muscle-growth-performance-peptides","16":"first","17":"instock","18":"shipping-taxable","19":"purchasable","20":"product-type-simple"},"yoast_head":"<!-- This site is optimized with the Yoast SEO Premium plugin v27.3 (Yoast SEO v27.3) - https:\/\/yoast.com\/product\/yoast-seo-premium-wordpress\/ -->\n<title>Hexarelin Peptide Wholesale | China Factory Supplier \u2013 High-Purity (\u226599%)<\/title>\n<meta name=\"description\" content=\"Order Hexarelin peptide 5 mg vials direct from our China-based factory. High-purity (\u226599%) lyophilized powder with OEM and wholesale supply, processing and dispatch updates within 3 business days.\" \/>\n<meta name=\"robots\" content=\"index, follow, max-snippet:-1, max-image-preview:large, max-video-preview:-1\" \/>\n<link rel=\"canonical\" href=\"https:\/\/peptidesourcehub.com\/de\/product\/hexarelin\/\" \/>\n<meta property=\"og:locale\" content=\"de_DE\" \/>\n<meta property=\"og:type\" content=\"article\" \/>\n<meta property=\"og:title\" content=\"Hexarelin\" \/>\n<meta property=\"og:description\" content=\"Order Hexarelin peptide 5 mg vials direct from our China-based factory. High-purity (\u226599%) lyophilized powder with OEM and wholesale supply, processing and dispatch updates within 3 business days.\" \/>\n<meta property=\"og:url\" content=\"https:\/\/peptidesourcehub.com\/de\/product\/hexarelin\/\" \/>\n<meta property=\"og:site_name\" content=\"PeptideSourceHub \u2013 Wholesale Peptides &amp; HGH\" \/>\n<meta property=\"article:modified_time\" content=\"2026-02-24T21:12:15+00:00\" \/>\n<meta property=\"og:image\" content=\"https:\/\/peptidesourcehub.com\/wp-content\/uploads\/2026\/02\/hexarelin-5mg.jpg\" \/>\n\t<meta property=\"og:image:width\" content=\"1300\" \/>\n\t<meta property=\"og:image:height\" content=\"1300\" \/>\n\t<meta property=\"og:image:type\" content=\"image\/jpeg\" \/>\n<meta name=\"twitter:card\" content=\"summary_large_image\" \/>\n<meta name=\"twitter:label1\" content=\"Gesch\u00e4tzte Lesezeit\" \/>\n\t<meta name=\"twitter:data1\" content=\"2\u00a0Minuten\" \/>\n<script type=\"application\/ld+json\" class=\"yoast-schema-graph\">{\"@context\":\"https:\\\/\\\/schema.org\",\"@graph\":[{\"@type\":\"WebPage\",\"@id\":\"https:\\\/\\\/peptidesourcehub.com\\\/product\\\/hexarelin\\\/\",\"url\":\"https:\\\/\\\/peptidesourcehub.com\\\/product\\\/hexarelin\\\/\",\"name\":\"Hexarelin Peptide Wholesale | China Factory Supplier \u2013 High-Purity (\u226599%)\",\"isPartOf\":{\"@id\":\"https:\\\/\\\/peptidesourcehub.com\\\/#website\"},\"primaryImageOfPage\":{\"@id\":\"https:\\\/\\\/peptidesourcehub.com\\\/product\\\/hexarelin\\\/#primaryimage\"},\"image\":{\"@id\":\"https:\\\/\\\/peptidesourcehub.com\\\/product\\\/hexarelin\\\/#primaryimage\"},\"thumbnailUrl\":\"https:\\\/\\\/peptidesourcehub.com\\\/wp-content\\\/uploads\\\/2026\\\/02\\\/hexarelin-5mg.jpg\",\"datePublished\":\"2026-02-10T19:30:53+00:00\",\"dateModified\":\"2026-02-24T21:12:15+00:00\",\"description\":\"Order Hexarelin peptide 5 mg vials direct from our China-based factory. High-purity (\u226599%) lyophilized powder with OEM and wholesale supply, processing and dispatch updates within 3 business days.\",\"breadcrumb\":{\"@id\":\"https:\\\/\\\/peptidesourcehub.com\\\/product\\\/hexarelin\\\/#breadcrumb\"},\"inLanguage\":\"de\",\"potentialAction\":[{\"@type\":\"ReadAction\",\"target\":[\"https:\\\/\\\/peptidesourcehub.com\\\/product\\\/hexarelin\\\/\"]}],\"copyrightNotice\":\"\u00a9 2009\u20132026 PeptideSourceHub.com. All Rights Reserved.\"},{\"@type\":\"ImageObject\",\"inLanguage\":\"de\",\"@id\":\"https:\\\/\\\/peptidesourcehub.com\\\/product\\\/hexarelin\\\/#primaryimage\",\"url\":\"https:\\\/\\\/peptidesourcehub.com\\\/wp-content\\\/uploads\\\/2026\\\/02\\\/hexarelin-5mg.jpg\",\"contentUrl\":\"https:\\\/\\\/peptidesourcehub.com\\\/wp-content\\\/uploads\\\/2026\\\/02\\\/hexarelin-5mg.jpg\",\"width\":1300,\"height\":1300,\"caption\":\"Hexarelin 5 mg lyophilized peptide, factory-direct supply\"},{\"@type\":\"BreadcrumbList\",\"@id\":\"https:\\\/\\\/peptidesourcehub.com\\\/product\\\/hexarelin\\\/#breadcrumb\",\"itemListElement\":[{\"@type\":\"ListItem\",\"position\":1,\"name\":\"Home\",\"item\":\"https:\\\/\\\/peptidesourcehub.com\\\/\"},{\"@type\":\"ListItem\",\"position\":2,\"name\":\"Shop\",\"item\":\"https:\\\/\\\/peptidesourcehub.com\\\/shop\\\/\"},{\"@type\":\"ListItem\",\"position\":3,\"name\":\"Hexarelin\"}]},{\"@type\":\"WebSite\",\"@id\":\"https:\\\/\\\/peptidesourcehub.com\\\/#website\",\"url\":\"https:\\\/\\\/peptidesourcehub.com\\\/\",\"name\":\"PeptideSourceHub \u2013 Wholesale Peptides & HGH\",\"description\":\"99% purity peptide kits &amp; peptide blends, factory-direct from a China-based lab supplier.\",\"publisher\":{\"@id\":\"https:\\\/\\\/peptidesourcehub.com\\\/#organization\"},\"potentialAction\":[{\"@type\":\"SearchAction\",\"target\":{\"@type\":\"EntryPoint\",\"urlTemplate\":\"https:\\\/\\\/peptidesourcehub.com\\\/?s={search_term_string}\"},\"query-input\":{\"@type\":\"PropertyValueSpecification\",\"valueRequired\":true,\"valueName\":\"search_term_string\"}}],\"inLanguage\":\"de\"},{\"@type\":\"Organization\",\"@id\":\"https:\\\/\\\/peptidesourcehub.com\\\/#organization\",\"name\":\"PeptideSourceHub\",\"url\":\"https:\\\/\\\/peptidesourcehub.com\\\/de\\\/\",\"logo\":{\"@type\":\"ImageObject\",\"url\":\"https:\\\/\\\/peptidesourcehub.com\\\/wp-content\\\/uploads\\\/2025\\\/10\\\/peptidesourcehub-dh-dragon-logo-350x100-1.png\"},\"image\":{\"@id\":\"https:\\\/\\\/peptidesourcehub.com\\\/#\\\/schema\\\/logo\\\/image\\\/\"},\"foundingDate\":\"2009\",\"contactPoint\":[{\"@type\":\"ContactPoint\",\"contactType\":\"customer support\",\"telephone\":\"+852 44900019\",\"email\":\"wholesale@peptidesourcehub.com\",\"availableLanguage\":[\"en\"]}]}]}<\/script>\n<!-- \/ Yoast SEO Premium plugin. -->","yoast_head_json":{"title":"Hexarelin Peptide Gro\u00dfhandel | China Factory Supplier - Hochrein (\u226599%)","description":"Bestellen Sie Hexarelin Peptid 5 mg vials direkt von unserer in China ans\u00e4ssigen Fabrik. Hochreines (\u226599%) lyophilized powder mit OEM- und Gro\u00dfhandelsangebot, Verarbeitung und Versand Updates innerhalb von 3 Werktagen.","robots":{"index":"index","follow":"follow","max-snippet":"max-snippet:-1","max-image-preview":"max-image-preview:large","max-video-preview":"max-video-preview:-1"},"canonical":"https:\/\/peptidesourcehub.com\/de\/product\/hexarelin\/","og_locale":"de_DE","og_type":"article","og_title":"Hexarelin","og_description":"Order Hexarelin peptide 5 mg vials direct from our China-based factory. High-purity (\u226599%) lyophilized powder with OEM and wholesale supply, processing and dispatch updates within 3 business days.","og_url":"https:\/\/peptidesourcehub.com\/de\/product\/hexarelin\/","og_site_name":"PeptideSourceHub \u2013 Wholesale Peptides &amp; HGH","article_modified_time":"2026-02-24T21:12:15+00:00","og_image":[{"width":1300,"height":1300,"url":"https:\/\/peptidesourcehub.com\/wp-content\/uploads\/2026\/02\/hexarelin-5mg.jpg","type":"image\/jpeg"}],"twitter_card":"summary_large_image","twitter_misc":{"Gesch\u00e4tzte Lesezeit":"2\u00a0Minuten"},"schema":{"@context":"https:\/\/schema.org","@graph":[{"@type":"WebPage","@id":"https:\/\/peptidesourcehub.com\/product\/hexarelin\/","url":"https:\/\/peptidesourcehub.com\/product\/hexarelin\/","name":"Hexarelin Peptide Gro\u00dfhandel | China Factory Supplier - Hochrein (\u226599%)","isPartOf":{"@id":"https:\/\/peptidesourcehub.com\/#website"},"primaryImageOfPage":{"@id":"https:\/\/peptidesourcehub.com\/product\/hexarelin\/#primaryimage"},"image":{"@id":"https:\/\/peptidesourcehub.com\/product\/hexarelin\/#primaryimage"},"thumbnailUrl":"https:\/\/peptidesourcehub.com\/wp-content\/uploads\/2026\/02\/hexarelin-5mg.jpg","datePublished":"2026-02-10T19:30:53+00:00","dateModified":"2026-02-24T21:12:15+00:00","description":"Bestellen Sie Hexarelin Peptid 5 mg vials direkt von unserer in China ans\u00e4ssigen Fabrik. Hochreines (\u226599%) lyophilized powder mit OEM- und Gro\u00dfhandelsangebot, Verarbeitung und Versand Updates innerhalb von 3 Werktagen.","breadcrumb":{"@id":"https:\/\/peptidesourcehub.com\/product\/hexarelin\/#breadcrumb"},"inLanguage":"de","potentialAction":[{"@type":"ReadAction","target":["https:\/\/peptidesourcehub.com\/product\/hexarelin\/"]}],"copyrightNotice":"\u00a9 2009\u20132026 PeptideSourceHub.com. All Rights Reserved."},{"@type":"ImageObject","inLanguage":"de","@id":"https:\/\/peptidesourcehub.com\/product\/hexarelin\/#primaryimage","url":"https:\/\/peptidesourcehub.com\/wp-content\/uploads\/2026\/02\/hexarelin-5mg.jpg","contentUrl":"https:\/\/peptidesourcehub.com\/wp-content\/uploads\/2026\/02\/hexarelin-5mg.jpg","width":1300,"height":1300,"caption":"Hexarelin 5 mg lyophilized peptide, factory-direct supply"},{"@type":"BreadcrumbList","@id":"https:\/\/peptidesourcehub.com\/product\/hexarelin\/#breadcrumb","itemListElement":[{"@type":"ListItem","position":1,"name":"Home","item":"https:\/\/peptidesourcehub.com\/"},{"@type":"ListItem","position":2,"name":"Shop","item":"https:\/\/peptidesourcehub.com\/shop\/"},{"@type":"ListItem","position":3,"name":"Hexarelin"}]},{"@type":"WebSite","@id":"https:\/\/peptidesourcehub.com\/#website","url":"https:\/\/peptidesourcehub.com\/","name":"PeptideSourceHub - Gro\u00dfhandel Peptides &amp; HGH","description":"99% purity Peptid-Kits &amp; Peptid-Mischungen, direkt ab Werk von einem in China ans\u00e4ssigen Laboranbieter.","publisher":{"@id":"https:\/\/peptidesourcehub.com\/#organization"},"potentialAction":[{"@type":"SearchAction","target":{"@type":"EntryPoint","urlTemplate":"https:\/\/peptidesourcehub.com\/?s={search_term_string}"},"query-input":{"@type":"PropertyValueSpecification","valueRequired":true,"valueName":"search_term_string"}}],"inLanguage":"de"},{"@type":"Organization","@id":"https:\/\/peptidesourcehub.com\/#organization","name":"PeptideSourceHub","url":"https:\/\/peptidesourcehub.com\/de\/","logo":{"@type":"ImageObject","url":"https:\/\/peptidesourcehub.com\/wp-content\/uploads\/2025\/10\/peptidesourcehub-dh-dragon-logo-350x100-1.png"},"image":{"@id":"https:\/\/peptidesourcehub.com\/#\/schema\/logo\/image\/"},"foundingDate":"2009","contactPoint":[{"@type":"ContactPoint","contactType":"customer support","telephone":"+852 44900019","email":"wholesale@peptidesourcehub.com","availableLanguage":["en"]}]}]}},"_links":{"self":[{"href":"https:\/\/peptidesourcehub.com\/de\/wp-json\/wp\/v2\/product\/7082","targetHints":{"allow":["GET"]}}],"collection":[{"href":"https:\/\/peptidesourcehub.com\/de\/wp-json\/wp\/v2\/product"}],"about":[{"href":"https:\/\/peptidesourcehub.com\/de\/wp-json\/wp\/v2\/types\/product"}],"replies":[{"embeddable":true,"href":"https:\/\/peptidesourcehub.com\/de\/wp-json\/wp\/v2\/comments?post=7082"}],"wp:featuredmedia":[{"embeddable":true,"href":"https:\/\/peptidesourcehub.com\/de\/wp-json\/wp\/v2\/media\/7068"}],"wp:attachment":[{"href":"https:\/\/peptidesourcehub.com\/de\/wp-json\/wp\/v2\/media?parent=7082"}],"wp:term":[{"taxonomy":"product_cat","embeddable":true,"href":"https:\/\/peptidesourcehub.com\/de\/wp-json\/wp\/v2\/product_cat?post=7082"},{"taxonomy":"product_tag","embeddable":true,"href":"https:\/\/peptidesourcehub.com\/de\/wp-json\/wp\/v2\/product_tag?post=7082"}],"curies":[{"name":"wp","href":"https:\/\/api.w.org\/{rel}","templated":true}]}}