{"id":7097,"date":"2026-02-11T17:15:08","date_gmt":"2026-02-11T17:15:08","guid":{"rendered":"https:\/\/peptidesourcehub.com\/?post_type=product&#038;p=7097"},"modified":"2026-02-24T21:16:23","modified_gmt":"2026-02-24T21:16:23","slug":"hgh-fragment-176-191","status":"publish","type":"product","link":"https:\/\/peptidesourcehub.com\/de\/product\/hgh-fragment-176-191\/","title":{"rendered":"HGH Fragment 176-191"},"content":{"rendered":"<h3>\u00dcbersicht<\/h3>\n<p>HGH Fragment 176-191 ist ein C-terminales Peptidfragment des menschlichen Wachstumshormons, das h\u00e4ufig in der Forschung zu Fettabbau, Stoffwechsel und Regulierung der K\u00f6rperzusammensetzung verwendet wird.<br \/>\nDieses HGH Fragment 176-191 wird in einer Peptidfabrik in China hergestellt. <strong>hochrein (\u226599%)<\/strong> Spezifikationen und gleichbleibende Chargenqualit\u00e4t f\u00fcr Gro\u00dfabnehmer und Vertriebsh\u00e4ndler.<\/p>\n<h3>Komposition &amp; Format<\/h3>\n<ul>\n<li><strong>Aktives Peptid:<\/strong> HGH Fragment 176-191<\/li>\n<li><strong>St\u00e4rke:<\/strong> 5 mg pro vial<\/li>\n<li><strong>Konfiguration:<\/strong> 10 vials pro Kit (50 mg Gesamtgehalt an Peptiden)<\/li>\n<li><strong>CAS:<\/strong> 12629-01-5<\/li>\n<li><strong>Erscheinungsbild:<\/strong> White lyophilized powder aus klarem Glas vials mit farbigen Flip-off-Kappen<\/li>\n<\/ul>\n<h3>Hauptmerkmale f\u00fcr Gro\u00dfhandelsk\u00e4ufer<\/h3>\n<ul>\n<li>Peptidfabrik in China konzentriert sich auf exportf\u00e4higes HGH Fragment 176-191<\/li>\n<li><strong>Hohe Reinheit (\u226599%)<\/strong> Material, das f\u00fcr anspruchsvolle Forschungsprogramme geeignet ist<\/li>\n<li>Stabile Produktionskapazit\u00e4ten f\u00fcr laufende Projekte und langfristige Lieferungen<\/li>\n<li>Neutrale, markenlose Verpackungen f\u00fcr OEM-\/Private Label-Kunden verf\u00fcgbar<\/li>\n<li>COA und chargenbezogene Dokumentation kann Gro\u00dfhandelspartnern auf Anfrage zur Verf\u00fcgung gestellt werden<\/li>\n<\/ul>\n<h3>Verpackung &amp; Bestellung<\/h3>\n<ul>\n<li>Standardverpackung: <strong>5 mg pro vial, 10 vials pro Kit<\/strong><\/li>\n<li>Die Fl\u00e4schchen werden in versiegelten Kunststoffschalen geliefert, mit einem zweiten sch\u00fctzenden Umkarton f\u00fcr den Versand.<\/li>\n<li>OEM-Verpackungsformate und ma\u00dfgeschneiderte Kit-Kombinationen sind f\u00fcr qualifizierte K\u00e4ufer erh\u00e4ltlich.<\/li>\n<li>F\u00fcr den aktuellen Mengenpreis, Versandoptionen und Vorlaufzeiten wenden Sie sich bitte direkt an unser Verkaufsteam<\/li>\n<li>Aktualisierungen zur Auftragsabwicklung und zum Versand werden normalerweise innerhalb von <strong>3 Arbeitstage<\/strong> nach Zahlungsbest\u00e4tigung<\/li>\n<\/ul>\n<h3>Lagerung &amp; Handhabung<\/h3>\n<ul>\n<li>Kits aufbewahren bei <strong>2-8 \u00b0C<\/strong> an einem trockenen Ort, gesch\u00fctzt vor direktem Licht und Feuchtigkeit<\/li>\n<li>Es wird empfohlen, Gefrier-Auftau-Zyklen zu minimieren und rekonstituierte L\u00f6sungen umgehend unter geeigneten Laborbedingungen zu verwenden<\/li>\n<\/ul>\n<h3>Verwandte Produkte<\/h3>\n<ul>\n<li><a href=\"\/de\/product\/blue-top-hgh\/\">HGH (Somatropin) - Peptidkits f\u00fcr die Wachstumshormonforschung<\/a><\/li>\n<li><a href=\"\/de\/product\/bpc-157\/\">BPC-157 - Peptid-Kit zur Gewebereparatur und -wiederherstellung<\/a><\/li>\n<li><a href=\"\/de\/product\/tb-500\/\">TB-500 - Peptid-Kit zur Wiederherstellung von Sehnen und Weichteilgewebe<\/a><\/li>\n<li><a href=\"\/de\/product\/semaglutide\/\">Semaglutide - GLP-1 Familie Peptid-Kit<\/a><\/li>\n<li><a href=\"\/de\/product\/tirzepatide\/\">Tirzepatide - duales GIP\/GLP-1 Peptid-Kit<\/a><\/li>\n<li><a href=\"\/de\/product\/retatrutide\/\">Retatrutide - Multi-Agonisten-Stoffwechsel-Peptid-Kit<\/a><\/li>\n<\/ul>\n<p><strong>DIESES PRODUKT IST NUR ALS FORSCHUNGSCHEMIKALIE GEDACHT.<\/strong><br \/>\n<strong>ALLE PRODUKTE SIND NICHT F\u00dcR DEN MENSCHLICHEN GEBRAUCH ODER ZUR INJEKTION GEKENNZEICHNET.<\/strong><\/p>","protected":false},"excerpt":{"rendered":"<p><strong>Name:<\/strong> HGH Fragment 176-191 Peptid 5 mg<br \/>\n<strong>Funktion:<\/strong> Peptide f\u00fcr die Forschung zum Fettabbau; Stoffwechselstudien; Modelle zur K\u00f6rperzusammensetzung<br \/>\n<strong>Spezifikation:<\/strong> 5 mg pro vial; 10 vials\/Kit (50 mg Gesamtpeptidgehalt)<br \/>\n<strong>CAS:<\/strong> 12629-01-5<br \/>\n<strong>Erscheinungsbild:<\/strong> White lyophilized powder<\/p>","protected":false},"featured_media":7083,"comment_status":"closed","ping_status":"closed","template":"","meta":[],"product_cat":[67,63],"product_tag":[135,98,133,134],"class_list":{"0":"post-7097","1":"product","2":"type-product","3":"status-publish","4":"has-post-thumbnail","6":"product_brand-peptide-source-hub","7":"product_cat-specialty-stack-peptides","8":"product_cat-weight-loss-glp1-peptides","9":"product_tag-anti-aging-longevity-peptides","10":"product_tag-hgh-frag-176-191","11":"product_tag-muscle-growth-performance-peptides","12":"product_tag-weight-loss-metabolism-peptides","14":"first","15":"instock","16":"shipping-taxable","17":"purchasable","18":"product-type-simple"},"yoast_head":"<!-- This site is optimized with the Yoast SEO Premium plugin v27.3 (Yoast SEO v27.3) - https:\/\/yoast.com\/product\/yoast-seo-premium-wordpress\/ -->\n<title>HGH Fragment 176-191 Peptide 5 mg Kits \u2013 High-Purity Wholesale Factory Supplier<\/title>\n<meta name=\"description\" content=\"HGH Fragment 176-191 peptide 5 mg vials with \u226599% purity from a China-based factory supplier. Export-ready wholesale kits, OEM packing options, dispatch updates within 3 business days.\" \/>\n<meta name=\"robots\" content=\"index, follow, max-snippet:-1, max-image-preview:large, max-video-preview:-1\" \/>\n<link rel=\"canonical\" href=\"https:\/\/peptidesourcehub.com\/de\/product\/hgh-fragment-176-191\/\" \/>\n<meta property=\"og:locale\" content=\"de_DE\" \/>\n<meta property=\"og:type\" content=\"article\" \/>\n<meta property=\"og:title\" content=\"HGH Fragment 176-191\" \/>\n<meta property=\"og:description\" content=\"HGH Fragment 176-191 peptide 5 mg vials with \u226599% purity from a China-based factory supplier. Export-ready wholesale kits, OEM packing options, dispatch updates within 3 business days.\" \/>\n<meta property=\"og:url\" content=\"https:\/\/peptidesourcehub.com\/de\/product\/hgh-fragment-176-191\/\" \/>\n<meta property=\"og:site_name\" content=\"PeptideSourceHub \u2013 Wholesale Peptides &amp; HGH\" \/>\n<meta property=\"article:modified_time\" content=\"2026-02-24T21:16:23+00:00\" \/>\n<meta property=\"og:image\" content=\"https:\/\/peptidesourcehub.com\/wp-content\/uploads\/2026\/02\/hgh-frag176-191-5mg.jpg\" \/>\n\t<meta property=\"og:image:width\" content=\"1300\" \/>\n\t<meta property=\"og:image:height\" content=\"1300\" \/>\n\t<meta property=\"og:image:type\" content=\"image\/jpeg\" \/>\n<meta name=\"twitter:card\" content=\"summary_large_image\" \/>\n<meta name=\"twitter:label1\" content=\"Gesch\u00e4tzte Lesezeit\" \/>\n\t<meta name=\"twitter:data1\" content=\"2\u00a0Minuten\" \/>\n<script type=\"application\/ld+json\" class=\"yoast-schema-graph\">{\"@context\":\"https:\\\/\\\/schema.org\",\"@graph\":[{\"@type\":\"WebPage\",\"@id\":\"https:\\\/\\\/peptidesourcehub.com\\\/product\\\/hgh-fragment-176-191\\\/\",\"url\":\"https:\\\/\\\/peptidesourcehub.com\\\/product\\\/hgh-fragment-176-191\\\/\",\"name\":\"HGH Fragment 176-191 Peptide 5 mg Kits \u2013 High-Purity Wholesale Factory Supplier\",\"isPartOf\":{\"@id\":\"https:\\\/\\\/peptidesourcehub.com\\\/#website\"},\"primaryImageOfPage\":{\"@id\":\"https:\\\/\\\/peptidesourcehub.com\\\/product\\\/hgh-fragment-176-191\\\/#primaryimage\"},\"image\":{\"@id\":\"https:\\\/\\\/peptidesourcehub.com\\\/product\\\/hgh-fragment-176-191\\\/#primaryimage\"},\"thumbnailUrl\":\"https:\\\/\\\/peptidesourcehub.com\\\/wp-content\\\/uploads\\\/2026\\\/02\\\/hgh-frag176-191-5mg.jpg\",\"datePublished\":\"2026-02-11T17:15:08+00:00\",\"dateModified\":\"2026-02-24T21:16:23+00:00\",\"description\":\"HGH Fragment 176-191 peptide 5 mg vials with \u226599% purity from a China-based factory supplier. Export-ready wholesale kits, OEM packing options, dispatch updates within 3 business days.\",\"breadcrumb\":{\"@id\":\"https:\\\/\\\/peptidesourcehub.com\\\/product\\\/hgh-fragment-176-191\\\/#breadcrumb\"},\"inLanguage\":\"de\",\"potentialAction\":[{\"@type\":\"ReadAction\",\"target\":[\"https:\\\/\\\/peptidesourcehub.com\\\/product\\\/hgh-fragment-176-191\\\/\"]}],\"copyrightNotice\":\"\u00a9 2009\u20132026 PeptideSourceHub.com. All Rights Reserved.\"},{\"@type\":\"ImageObject\",\"inLanguage\":\"de\",\"@id\":\"https:\\\/\\\/peptidesourcehub.com\\\/product\\\/hgh-fragment-176-191\\\/#primaryimage\",\"url\":\"https:\\\/\\\/peptidesourcehub.com\\\/wp-content\\\/uploads\\\/2026\\\/02\\\/hgh-frag176-191-5mg.jpg\",\"contentUrl\":\"https:\\\/\\\/peptidesourcehub.com\\\/wp-content\\\/uploads\\\/2026\\\/02\\\/hgh-frag176-191-5mg.jpg\",\"width\":1300,\"height\":1300,\"caption\":\"HGH Fragment 176-191 peptide 5 mg research vials\"},{\"@type\":\"BreadcrumbList\",\"@id\":\"https:\\\/\\\/peptidesourcehub.com\\\/product\\\/hgh-fragment-176-191\\\/#breadcrumb\",\"itemListElement\":[{\"@type\":\"ListItem\",\"position\":1,\"name\":\"Home\",\"item\":\"https:\\\/\\\/peptidesourcehub.com\\\/\"},{\"@type\":\"ListItem\",\"position\":2,\"name\":\"Shop\",\"item\":\"https:\\\/\\\/peptidesourcehub.com\\\/shop\\\/\"},{\"@type\":\"ListItem\",\"position\":3,\"name\":\"HGH Fragment 176-191\"}]},{\"@type\":\"WebSite\",\"@id\":\"https:\\\/\\\/peptidesourcehub.com\\\/#website\",\"url\":\"https:\\\/\\\/peptidesourcehub.com\\\/\",\"name\":\"PeptideSourceHub \u2013 Wholesale Peptides & HGH\",\"description\":\"99% purity peptide kits &amp; peptide blends, factory-direct from a China-based lab supplier.\",\"publisher\":{\"@id\":\"https:\\\/\\\/peptidesourcehub.com\\\/#organization\"},\"potentialAction\":[{\"@type\":\"SearchAction\",\"target\":{\"@type\":\"EntryPoint\",\"urlTemplate\":\"https:\\\/\\\/peptidesourcehub.com\\\/?s={search_term_string}\"},\"query-input\":{\"@type\":\"PropertyValueSpecification\",\"valueRequired\":true,\"valueName\":\"search_term_string\"}}],\"inLanguage\":\"de\"},{\"@type\":\"Organization\",\"@id\":\"https:\\\/\\\/peptidesourcehub.com\\\/#organization\",\"name\":\"PeptideSourceHub\",\"url\":\"https:\\\/\\\/peptidesourcehub.com\\\/de\\\/\",\"logo\":{\"@type\":\"ImageObject\",\"url\":\"https:\\\/\\\/peptidesourcehub.com\\\/wp-content\\\/uploads\\\/2025\\\/10\\\/peptidesourcehub-dh-dragon-logo-350x100-1.png\"},\"image\":{\"@id\":\"https:\\\/\\\/peptidesourcehub.com\\\/#\\\/schema\\\/logo\\\/image\\\/\"},\"foundingDate\":\"2009\",\"contactPoint\":[{\"@type\":\"ContactPoint\",\"contactType\":\"customer support\",\"telephone\":\"+852 44900019\",\"email\":\"wholesale@peptidesourcehub.com\",\"availableLanguage\":[\"en\"]}]}]}<\/script>\n<!-- \/ Yoast SEO Premium plugin. -->","yoast_head_json":{"title":"HGH Fragment 176-191 Peptide 5 mg Kits - Hochreiner Gro\u00dfhandel Fabrik Lieferant","description":"HGH Fragment 176-191 Peptid 5 mg vials mit \u226599% purity von einem in China ans\u00e4ssigen Fabrikanten. Exportfertige Gro\u00dfhandels-Kits, OEM-Verpackungsoptionen, Versand-Updates innerhalb von 3 Werktagen.","robots":{"index":"index","follow":"follow","max-snippet":"max-snippet:-1","max-image-preview":"max-image-preview:large","max-video-preview":"max-video-preview:-1"},"canonical":"https:\/\/peptidesourcehub.com\/de\/product\/hgh-fragment-176-191\/","og_locale":"de_DE","og_type":"article","og_title":"HGH Fragment 176-191","og_description":"HGH Fragment 176-191 peptide 5 mg vials with \u226599% purity from a China-based factory supplier. Export-ready wholesale kits, OEM packing options, dispatch updates within 3 business days.","og_url":"https:\/\/peptidesourcehub.com\/de\/product\/hgh-fragment-176-191\/","og_site_name":"PeptideSourceHub \u2013 Wholesale Peptides &amp; HGH","article_modified_time":"2026-02-24T21:16:23+00:00","og_image":[{"width":1300,"height":1300,"url":"https:\/\/peptidesourcehub.com\/wp-content\/uploads\/2026\/02\/hgh-frag176-191-5mg.jpg","type":"image\/jpeg"}],"twitter_card":"summary_large_image","twitter_misc":{"Gesch\u00e4tzte Lesezeit":"2\u00a0Minuten"},"schema":{"@context":"https:\/\/schema.org","@graph":[{"@type":"WebPage","@id":"https:\/\/peptidesourcehub.com\/product\/hgh-fragment-176-191\/","url":"https:\/\/peptidesourcehub.com\/product\/hgh-fragment-176-191\/","name":"HGH Fragment 176-191 Peptide 5 mg Kits - Hochreiner Gro\u00dfhandel Fabrik Lieferant","isPartOf":{"@id":"https:\/\/peptidesourcehub.com\/#website"},"primaryImageOfPage":{"@id":"https:\/\/peptidesourcehub.com\/product\/hgh-fragment-176-191\/#primaryimage"},"image":{"@id":"https:\/\/peptidesourcehub.com\/product\/hgh-fragment-176-191\/#primaryimage"},"thumbnailUrl":"https:\/\/peptidesourcehub.com\/wp-content\/uploads\/2026\/02\/hgh-frag176-191-5mg.jpg","datePublished":"2026-02-11T17:15:08+00:00","dateModified":"2026-02-24T21:16:23+00:00","description":"HGH Fragment 176-191 Peptid 5 mg vials mit \u226599% purity von einem in China ans\u00e4ssigen Fabrikanten. Exportfertige Gro\u00dfhandels-Kits, OEM-Verpackungsoptionen, Versand-Updates innerhalb von 3 Werktagen.","breadcrumb":{"@id":"https:\/\/peptidesourcehub.com\/product\/hgh-fragment-176-191\/#breadcrumb"},"inLanguage":"de","potentialAction":[{"@type":"ReadAction","target":["https:\/\/peptidesourcehub.com\/product\/hgh-fragment-176-191\/"]}],"copyrightNotice":"\u00a9 2009\u20132026 PeptideSourceHub.com. All Rights Reserved."},{"@type":"ImageObject","inLanguage":"de","@id":"https:\/\/peptidesourcehub.com\/product\/hgh-fragment-176-191\/#primaryimage","url":"https:\/\/peptidesourcehub.com\/wp-content\/uploads\/2026\/02\/hgh-frag176-191-5mg.jpg","contentUrl":"https:\/\/peptidesourcehub.com\/wp-content\/uploads\/2026\/02\/hgh-frag176-191-5mg.jpg","width":1300,"height":1300,"caption":"HGH Fragment 176-191 peptide 5 mg research vials"},{"@type":"BreadcrumbList","@id":"https:\/\/peptidesourcehub.com\/product\/hgh-fragment-176-191\/#breadcrumb","itemListElement":[{"@type":"ListItem","position":1,"name":"Home","item":"https:\/\/peptidesourcehub.com\/"},{"@type":"ListItem","position":2,"name":"Shop","item":"https:\/\/peptidesourcehub.com\/shop\/"},{"@type":"ListItem","position":3,"name":"HGH Fragment 176-191"}]},{"@type":"WebSite","@id":"https:\/\/peptidesourcehub.com\/#website","url":"https:\/\/peptidesourcehub.com\/","name":"PeptideSourceHub - Gro\u00dfhandel Peptides &amp; HGH","description":"99% purity Peptid-Kits &amp; Peptid-Mischungen, direkt ab Werk von einem in China ans\u00e4ssigen Laboranbieter.","publisher":{"@id":"https:\/\/peptidesourcehub.com\/#organization"},"potentialAction":[{"@type":"SearchAction","target":{"@type":"EntryPoint","urlTemplate":"https:\/\/peptidesourcehub.com\/?s={search_term_string}"},"query-input":{"@type":"PropertyValueSpecification","valueRequired":true,"valueName":"search_term_string"}}],"inLanguage":"de"},{"@type":"Organization","@id":"https:\/\/peptidesourcehub.com\/#organization","name":"PeptideSourceHub","url":"https:\/\/peptidesourcehub.com\/de\/","logo":{"@type":"ImageObject","url":"https:\/\/peptidesourcehub.com\/wp-content\/uploads\/2025\/10\/peptidesourcehub-dh-dragon-logo-350x100-1.png"},"image":{"@id":"https:\/\/peptidesourcehub.com\/#\/schema\/logo\/image\/"},"foundingDate":"2009","contactPoint":[{"@type":"ContactPoint","contactType":"customer support","telephone":"+852 44900019","email":"wholesale@peptidesourcehub.com","availableLanguage":["en"]}]}]}},"_links":{"self":[{"href":"https:\/\/peptidesourcehub.com\/de\/wp-json\/wp\/v2\/product\/7097","targetHints":{"allow":["GET"]}}],"collection":[{"href":"https:\/\/peptidesourcehub.com\/de\/wp-json\/wp\/v2\/product"}],"about":[{"href":"https:\/\/peptidesourcehub.com\/de\/wp-json\/wp\/v2\/types\/product"}],"replies":[{"embeddable":true,"href":"https:\/\/peptidesourcehub.com\/de\/wp-json\/wp\/v2\/comments?post=7097"}],"wp:featuredmedia":[{"embeddable":true,"href":"https:\/\/peptidesourcehub.com\/de\/wp-json\/wp\/v2\/media\/7083"}],"wp:attachment":[{"href":"https:\/\/peptidesourcehub.com\/de\/wp-json\/wp\/v2\/media?parent=7097"}],"wp:term":[{"taxonomy":"product_cat","embeddable":true,"href":"https:\/\/peptidesourcehub.com\/de\/wp-json\/wp\/v2\/product_cat?post=7097"},{"taxonomy":"product_tag","embeddable":true,"href":"https:\/\/peptidesourcehub.com\/de\/wp-json\/wp\/v2\/product_tag?post=7097"}],"curies":[{"name":"wp","href":"https:\/\/api.w.org\/{rel}","templated":true}]}}